{"id":113,"date":"2008-12-04T12:21:58","date_gmt":"2008-12-04T11:21:58","guid":{"rendered":"http:\/\/www.lerdell.com\/tjanster\/field-intelligence\/"},"modified":"2008-12-04T12:21:58","modified_gmt":"2008-12-04T11:21:58","slug":"field-intelligence","status":"publish","type":"page","link":"https:\/\/lerdell.com\/tjanster\/field-intelligence\/","title":{"rendered":"Field Intelligence"},"content":{"rendered":"<p>Som de experter p\u00e5 inh\u00e4mtning av information fr\u00e5n Internet och media som vi \u00e4r vi de f\u00f6rsta att p\u00e5peka att insamling av information och intelligence p\u00e5 plats &#8211; p\u00e5 f\u00e4ltet &#8211; \u00e4r o\u00f6vertr\u00e4ffat ur ett kvalitativt perspektiv.<\/p>\n<p><img decoding=\"async\" src=\"http:\/\/www.lerdell.com\/wp-content\/uploads\/2008\/12\/field-intelligence-450.jpg\" alt=\"Field Intelligence, trade fairs, m\u00e4ssor, konferenser, CSR, inspektion, kunder, dotterbolag, agenter, leverant\u00f6rer, produktion road shows,\" \/><\/p>\n<p>D\u00e4rf\u00f6r\u00a0 erbjuder vi v\u00e5ra kunder skr\u00e4ddarsydda uppdrag p\u00e5 f\u00e4ltet &#8211; s\u00e5 kallad Field Intelligence &#8211; d\u00e4r vi p\u00e5 kort varsel kan unders\u00f6ka:<\/p>\n<ul>\n<li>M\u00e4ssor<\/li>\n<li>Konferenser<\/li>\n<li>M\u00f6ten<\/li>\n<li>Investor Presentations (Road Shows)<\/li>\n<li>Inspektion av kunder, dotterbolag, agenter<\/li>\n<li>CSR: annonserade och oannonserade inspektionsresor av leverant\u00f6rer och produktion<\/li>\n<\/ul>\n<p>Vi genomf\u00f6r v\u00e5ra field intelligence \u00f6verallt, s\u00e5v\u00e4l lokalt i Sverige som globalt.<\/p>\n<p>Uppdragen dokumenteras skriftligen, via fotografier och video.<\/p>\n","protected":false},"excerpt":{"rendered":"<p>Som de experter p\u00e5 inh\u00e4mtning av information fr\u00e5n Internet och [&hellip;]<\/p>\n","protected":false},"author":1,"featured_media":0,"parent":831,"menu_order":0,"comment_status":"open","ping_status":"open","template":"","meta":[],"_links":{"self":[{"href":"https:\/\/lerdell.com\/wp-json\/wp\/v2\/pages\/113"}],"collection":[{"href":"https:\/\/lerdell.com\/wp-json\/wp\/v2\/pages"}],"about":[{"href":"https:\/\/lerdell.com\/wp-json\/wp\/v2\/types\/page"}],"author":[{"embeddable":true,"href":"https:\/\/lerdell.com\/wp-json\/wp\/v2\/users\/1"}],"replies":[{"embeddable":true,"href":"https:\/\/lerdell.com\/wp-json\/wp\/v2\/comments?post=113"}],"version-history":[{"count":0,"href":"https:\/\/lerdell.com\/wp-json\/wp\/v2\/pages\/113\/revisions"}],"up":[{"embeddable":true,"href":"https:\/\/lerdell.com\/wp-json\/wp\/v2\/pages\/831"}],"wp:attachment":[{"href":"https:\/\/lerdell.com\/wp-json\/wp\/v2\/media?parent=113"}],"curies":[{"name":"wp","href":"https:\/\/api.w.org\/{rel}","templated":true}]}}