{"id":1166,"date":"2016-07-03T08:32:42","date_gmt":"2016-07-03T06:32:42","guid":{"rendered":"http:\/\/www.lerdell.com\/?page_id=5"},"modified":"2020-04-27T16:43:24","modified_gmt":"2020-04-27T16:43:24","slug":"om-oss","status":"publish","type":"page","link":"https:\/\/lerdell.com\/om-oss\/","title":{"rendered":"Om oss"},"content":{"rendered":"<div class=\"fusion-fullwidth fullwidth-box fusion-builder-row-1 hundred-percent-fullwidth non-hundred-percent-height-scrolling\" style=\"--awb-border-radius-top-left:0px;--awb-border-radius-top-right:0px;--awb-border-radius-bottom-right:0px;--awb-border-radius-bottom-left:0px;--awb-overflow:visible;\" ><div class=\"fusion-builder-row fusion-row\"><div class=\"fusion-layout-column fusion_builder_column fusion-builder-column-0 fusion_builder_column_2_3 2_3 fusion-two-third fusion-column-first\" style=\"--awb-bg-size:cover;width:65.3333%; margin-right: 4%;\"><div class=\"fusion-column-wrapper fusion-flex-column-wrapper-legacy\"><div class=\"fusion-title title fusion-title-1 fusion-title-text fusion-title-size-one\"><h1 class=\"title-heading-left\" style=\"margin:0;\">Om Lerdell Investigations<\/h1><span class=\"awb-title-spacer\"><\/span><div class=\"title-sep-container\"><div class=\"title-sep sep-double sep-solid\" style=\"border-color:#e2e2e2;\"><\/div><\/div><\/div><div class=\"fusion-text fusion-text-1\"><p>Lerdell Investigations bedriver strategisk omv\u00e4rldsbevakning, med fokus p\u00e5 den k\u00e4lla som \u00f6kar mest i betydelse &#8211; Internet.<\/p>\n<p>Verksamheten vilar p\u00e5 nyfikenhet, kompetens och kvalitet, aff\u00e4rsm\u00e4ssighet och kundnytta, samt sekretess.<\/p>\n<p>V\u00e5ra klienter finns inom alla samh\u00e4llssektorer som n\u00e4ringsliv, offentlig sektor och intresseorganisationer. H\u00f6r g\u00e4rna av dig till oss f\u00f6r referenser.<\/p>\n<p>Vi \u00e4r ett mindre f\u00f6retag med stor erfarenhet av att leverera skr\u00e4ddarsydda tj\u00e4nster som \u00e4r till nytta f\u00f6r v\u00e5ra kunder. Det kan handlar om omv\u00e4rldstj\u00e4nster som omv\u00e4rldsanalys och omv\u00e4rldsbevakning; eller analyser av marknader, konkurrenter, teknik eller politik. St\u00e5r du inf\u00f6r en viktig investering eller rekrytering erbjuder vi due diligence och bakgrundskontroller. Slutligen \u2013 som ett resultat av att vi \u00e4r experter p\u00e5 informationsinh\u00e4mtning \u2013 har vi \u00e4ven skapat ett antal tj\u00e4nster f\u00f6r informationsspridning inom PR och kommunikation d\u00e4r vi ser till att g\u00f6ra din r\u00f6st h\u00f6rd och ditt budskap spritt. <a title=\"Tj\u00e4nster\" href=\"http:\/\/www.lerdell.com\/tjanster\/\">Mer om v\u00e5ra tj\u00e4nster &gt;&gt;<\/a><\/p>\n<p><a title=\"Kontakt\" href=\"http:\/\/www.lerdell.com\/kontakt\/\">Tveka inte att ta kontakt med oss om du vill veta mer om vad vi kan g\u00f6ra f\u00f6r dig!<\/a><\/p>\n<p><a title=\"GDPR\" href=\"http:\/\/www.lerdell.com\/gdpr\/\">Information fr\u00e5n Lerdell Investigations AB om v\u00e5r behandling av personuppgifter.<\/a><\/p>\n<\/div><div class=\"fusion-clearfix\"><\/div><\/div><\/div><div class=\"fusion-layout-column fusion_builder_column fusion-builder-column-1 fusion_builder_column_1_3 1_3 fusion-one-third fusion-column-last\" style=\"--awb-bg-size:cover;width:30.6666%;\"><div class=\"fusion-column-wrapper fusion-flex-column-wrapper-legacy\"><div class=\"fusion-title title fusion-title-2 fusion-title-text fusion-title-size-one\"><h1 class=\"title-heading-left\" style=\"margin:0;\">Lerdellipedia<\/h1><span class=\"awb-title-spacer\"><\/span><div class=\"title-sep-container\"><div class=\"title-sep sep-double sep-solid\" style=\"border-color:#e2e2e2;\"><\/div><\/div><\/div><div class=\"fusion-text fusion-text-2\"><p>Lerdellipedia \u00e4r v\u00e5r lite sk\u00e4mtsamma ben\u00e4mning p\u00e5 den framv\u00e4xande ordlista, d\u00e4r vi definierar begrepp som har betydelse f\u00f6r v\u00e5r och v\u00e5ra klienters verksamhet. <a title=\"Lerdellipedia - ordlista\" href=\"http:\/\/www.lerdell.com\/om-oss\/lerdellipedia-ordlista\/\" target=\"_self\" rel=\"noopener noreferrer\">G\u00e5 till Lerdellipedia &gt;&gt;<\/a><\/p>\n<\/div><div class=\"fusion-clearfix\"><\/div><\/div><\/div><div class=\"fusion-layout-column fusion_builder_column fusion-builder-column-2 fusion_builder_column_2_3 2_3 fusion-two-third fusion-column-first\" style=\"--awb-bg-size:cover;width:65.3333%; margin-right: 4%;\"><div class=\"fusion-column-wrapper fusion-flex-column-wrapper-legacy\"><div class=\"fusion-title title fusion-title-3 fusion-title-text fusion-title-size-one\"><h1 class=\"title-heading-left\" style=\"margin:0;\">David Lerdell<\/h1><span class=\"awb-title-spacer\"><\/span><div class=\"title-sep-container\"><div class=\"title-sep sep-double sep-solid\" style=\"border-color:#e2e2e2;\"><\/div><\/div><\/div><div class=\"fusion-text fusion-text-3\"><p style=\"text-align: left;\">Lerdell Investigations grundades av David Lerdell i syfte att erbjuda f\u00f6retag och organisationer omv\u00e4rldstj\u00e4nster.<\/p>\n<p>David Lerdell har tidigare forskat om &#8220;Organiseringen av Internet&#8221;, bland annat vid Handelsh\u00f6gskolan i Stockholm.<\/p>\n<p>David Lerdell \u00e4r en ofta anlitad f\u00f6redragsh\u00e5llare och workshopledare, och h\u00e5ller g\u00e4rna f\u00f6redrag om Internet och omv\u00e4rlden om intresse finns. Kontakta oss f\u00f6r en f\u00f6ruts\u00e4ttningsl\u00f6s diskussion.<\/p>\n<\/div><div class=\"fusion-title title fusion-title-4 fusion-title-text fusion-title-size-one\"><h1 class=\"title-heading-left\" style=\"margin:0;\">Experience<\/h1><span class=\"awb-title-spacer\"><\/span><div class=\"title-sep-container\"><div class=\"title-sep sep-double sep-solid\" style=\"border-color:#e2e2e2;\"><\/div><\/div><\/div><div class=\"fusion-text fusion-text-4\"><p><strong>Lerdell Investigations AB<\/strong><br \/>\nChief of Investigations, CEO<br \/>\nPart-time\u00a0 from 1998. Full-time from 2005-<\/p>\n<p><strong>The Swedish Research Council<\/strong><br \/>\nResearch Associate; &#8220;Information Technologies, Power, Law and Ethics&#8221;<br \/>\n1998-2002<\/p>\n<p><strong>Swedish Defence Research Agency<\/strong><br \/>\nResearch Associate; &#8220;The management of information technology security issues within and amongst Internet related organizations&#8221;<br \/>\n1999-2000<\/p>\n<p><strong>Swedish Government Committee<\/strong><br \/>\nResearch Associate; &#8220;Public management within the OECD&#8221;<br \/>\n1996-1997<\/p>\n<p><strong>Uppsala University &amp; Ecole de Commerce Solvay, l&#8217;Universit\u00e9 Libre de Bruxelles<\/strong><br \/>\nMaster of Science in International Economy<br \/>\n1991-1995<\/p>\n<p><strong>Uppsala University<\/strong><br \/>\nStudies within Political Science, History of Science and Jurisprudence<br \/>\n1990-1995<\/p>\n<\/div><div class=\"fusion-title title fusion-title-5 fusion-title-text fusion-title-size-one\"><h1 class=\"title-heading-left\" style=\"margin:0;\">Publications<\/h1><span class=\"awb-title-spacer\"><\/span><div class=\"title-sep-container\"><div class=\"title-sep sep-double sep-solid\" style=\"border-color:#e2e2e2;\"><\/div><\/div><\/div><div class=\"fusion-text fusion-text-5\"><p>Lerdell, David, <strong>Exploatering av webben p\u00e5 viktig information<\/strong>, Internet Intelligence Institute, I-I-I Report 2006:1, ISBN 1653-6967<\/p>\n<p>Forssell, Anders, Anna-Maria Lagrelius och David Lerdell. 2004. &#8220;Kolleger emellan &#8211; Om kollegiala besluts- och organisationsformer&#8221;. In: Bostr\u00f6m, Magnus, Anders Forssell, Kerstin Jacobsson, Kristina Tamm Hallstr\u00f6m (eds), Den organiserade frivilligheten. Stockholm: Liber. [Translation: <strong>Amongst Colleagues &#8211; on Collegial Forms of Work and Decision<\/strong>]<\/p>\n<p>Garsten, Christina and David Lerdell. (2003<strong>). &#8220;Mainstream Rebels: Informalization and Regulation in a Virtual World.&#8221;<\/strong> In: Garsten, C. and H. Wulff (eds), New Technologies at Work: People, Screens and Social Virtuality. Oxford, Berg.<\/p>\n<p>Garsten, Christina and David Lerdell. (2003<strong>). &#8220;Mainstream Rebels: Informalization and Regulation in a Virtual World.&#8221;<\/strong> Fineart Forum. Vol 17. Issue 08. Aug 2003.<\/p>\n<p>Garsten, Christina and David Lerdell. (2003). <strong>&#8220;Mainstream Rebels: Informalization and Regulation in a Virtual World.&#8221;<\/strong> Stockholm: Score.<\/p>\n<p>Lerdell, David. (2000). Att s\u00e4tta gr\u00e4nser f\u00f6r Internet. Stockholm: Handelsh\u00f6gskolan i Stockholm. (arbetspapper presenterat vid doktorandkonferens p\u00e5 Score 26 september 2000) [Translation: <strong>Limiting the Internet<\/strong>]<\/p>\n<p>Lerdell, David. (2000). Hanteringen av IT-relaterade s\u00e4kerhetsfr\u00e5gor inom Internetorganisationerna. Stockholm: Avd. f\u00f6r f\u00f6rsvarsanalys F\u00f6rsvarets forskningsanstalt (FOA). [Translation: <strong>Managing Information Technology Security Issues within Internet Organizations<\/strong>.]<\/p>\n<p>Furusten, Staffan och David Lerdell. (1998<strong>). &#8220;Managementisieringen av f\u00f6rvaltningen&#8221;<\/strong> i Ahrne, G (red). Stater som organisationer. Stockholm: Nerenius &amp; Sant\u00e9rus. [Translation: <strong>The &#8220;Managementization&#8221; of the Public Sector<\/strong>]<\/p>\n<p>Lerdell, David &amp; Staffan Furusten. (1997). <strong>&#8220;The Diffusion of Managerialism&#8221;.<\/strong> Paper presented at 13th European Group of Organisation Studies (EGOS) Colloquium, July, Budapest, Hungary.<\/p>\n<p>Lerdell, David. (1997). Informell reglering i gr\u00e4nsomr\u00e5det teknik, politik och n\u00e4ringsliv. Stockholm: Handelsh\u00f6gskolan i Stockholm. [Translation: <strong>Informal Regulation in the Borderlands of Technology, Politics and Business<\/strong>]<\/p>\n<p>Lerdell, David. (1997). <strong>&#8220;Co-ordinating the International Internet Policy Discourse&#8221;. <\/strong>Stockholm: Stockholm School of Economics. (Paper accepted by but not presented at INET&#8217;97, Kuala Lumpur, Malaysia)<\/p>\n<p>Lerdell, David och Kerstin Sahlin-Andersson (1997). Att l\u00e4ra \u00f6ver gr\u00e4nser : en studie av OECD:s f\u00f6rvaltningspolitiska samarbete. Statens Offentliga Utredningar (SOU). SOU1997:33. Stockholm: Fritzes. [Translation: <strong>Learning Across Borders: A Study of the Public Management Work of the OECD<\/strong>]<\/p>\n<p>Lerdell, David and Kerstin Sahlin-Andersson. (1996). Co-ordinator of the International Public Management Discourse: Staying Apolitical in a Political Context. Paper presented at the 3rd PeSCE workshop on Internationalization, Europeanization and the Public Sector, Bod\u00f8, June 16-19, 1996.<\/p>\n<p>Lerdell, David, 1995. EU:s IT-politik: ett element i f\u00f6retags omv\u00e4rld. Uppsala universitet: F\u00f6retagsekonomiska inst. (Examensuppsats). [Translation: <strong>The IT-Policy of the European Union &#8211; a part of the surrounding world for businesses<\/strong>]<\/p>\n<\/div><div class=\"fusion-title title fusion-title-6 fusion-title-text fusion-title-size-one\"><h1 class=\"title-heading-left\" style=\"margin:0;\">Talks, Conferences and Research Visits<\/h1><span class=\"awb-title-spacer\"><\/span><div class=\"title-sep-container\"><div class=\"title-sep sep-double sep-solid\" style=\"border-color:#e2e2e2;\"><\/div><\/div><\/div><div class=\"fusion-text fusion-text-6\"><p>Presentation of &#8220;<strong>The Signification of the Miliaty Origins of the Internet and Security Threats, for the Future Regulation of the Internet, and the Internet as a Trans-Atlantic Issue<\/strong>.&#8221; A Security Policy Seminar at the Department of Security and Strategic Studies, <span style=\"text-decoration: underline;\">Swedish<\/span><span style=\"text-decoration: underline;\"> National Defence College<\/span>, Stockholm, Sweden; June 2004.<\/p>\n<p>Presentation of &#8220;<strong>Organizing the Internet \u2013 Conflicting Regulatory Approaches Over Time<\/strong>&#8220;, National deregulation and European reregulation \u2013 changing relations between private and public actors?.<span style=\"text-decoration: underline;\"> Score and Swedish National Defence College<\/span>, Stockholm, Sweden; February 2004.<\/p>\n<p>Presentation of &#8220;<strong>Organizing the Internet<\/strong>&#8220;, Rules, Standards and Norms: Alternative Organization, <span style=\"text-decoration: underline;\">Minist\u00e8re de la Recherche et Sciences Po<\/span>, CSO (Centre de Sociologie des Organisation), SCORE, FROG (F\u00e9d\u00e9ration de Recherches sur les Organisations et leur Gestion), Paris, France, January 2004.<\/p>\n<p>&#8220;<strong>Next Generation Democracy: The Digital Arena<\/strong>&#8220;. Weber Shandwick European Public Affairs, the <span style=\"text-decoration: underline;\">Foreign Policy Centre, and the British Council Brussels<\/span>. Stockholm, Sweden; May 2002.<\/p>\n<p>I<strong>CANN Stockholm Meeting<\/strong>; Stockholm International Fairs, Stockholm, Sweden; June 2001<\/p>\n<p>&#8220;The Internet Global Summit &#8211; <strong>INET&#8217;2001<\/strong> &#8212; A Net Odyssey &#8211; Mobility and the Internet&#8221;; Internet Society (ISOC); Stockholm International Fairs, <span style=\"text-decoration: underline;\">Stockholm<\/span><span style=\"text-decoration: underline;\">, Sweden<\/span>; May 2001<\/p>\n<p>&#8220;The Internet Global Summit &#8211; <strong>INET&#8217;2000<\/strong> &#8212; Global Distributed Intelligence for Everyone&#8221;; Internet Society (ISOC); Pacifico Yokohama Conference Center, <span style=\"text-decoration: underline;\">Yokohama<\/span><span style=\"text-decoration: underline;\">, Japan<\/span>; July 2000<\/p>\n<p><strong>ICANN Yokohama Meeting<\/strong>; Pacifico Yokohama Conference Center, Yokohama, Japan; July 2000<\/p>\n<p><strong>ICANN Santiago Meeting<\/strong>; College of Economic Sciences, University of Chile in Santiago, Santiago de Chile, Chile; August 1999<\/p>\n<p>I<strong>CANN Singapore Meeting<\/strong>; Singapore International Convention and Exhibition Centre, Singapore; February &#8211; March 1999<\/p>\n<p>&#8220;<strong>Samples of the Future<\/strong>: A Conference on Organizations Research&#8221;; The Scandinavian Consortium for Organizational (SCANCOR), <span style=\"text-decoration: underline;\">Stanford<\/span><span style=\"text-decoration: underline;\"> University<\/span>, Palo Alto, CA, USA; Sept 1998<\/p>\n<p>&#8220;<strong>International Forum on the White Paper (IFWP)<\/strong>&#8220;; Palexpo Conference Center; <span style=\"text-decoration: underline;\">Geneva<\/span><span style=\"text-decoration: underline;\">, Switzerland<\/span>; July 1998<\/p>\n<p>&#8220;The Internet Global Summit &#8211; <strong>INET&#8217;98<\/strong>&#8220;; Palexpo Conference Center; Geneva, Switzerland; July 1998<\/p>\n<p><strong>Research Visit,<\/strong> Computer Architecture Department (DAC), Technical University of Catalonia (UPC); <span style=\"text-decoration: underline;\">Barcelona<\/span><span style=\"text-decoration: underline;\">, Spain<\/span>; May 1998<\/p>\n<p><strong>Research Visit<\/strong>; Department of Political Science, University of Troms\u00f8, <span style=\"text-decoration: underline;\">Troms\u00f8, Norway<\/span>; February 1998<\/p>\n<p><strong>Research Visit<\/strong>; <span style=\"text-decoration: underline;\">European University Institute (EUI)<\/span>, San Domenico di Fiesole, Firenze, Italy; December 1997<\/p>\n<p><strong>Research Visit<\/strong>; The Scandinavian Consortium for Organizational (SCANCOR), <span style=\"text-decoration: underline;\">Stanford University<\/span>, Palo Alto, California, USA; August 1997<\/p>\n<p><strong>HCI International<\/strong> &#8217;97 (7th Intl Conf on Human-Computer Interaction); <span style=\"text-decoration: underline;\">San Fransisco<\/span><span style=\"text-decoration: underline;\">, CA, USA<\/span>; August 1997<\/p>\n<p>&#8220;<strong>Scandinavian<\/strong><strong> Academy of Management<\/strong> (NFF)&#8221;; Bod\u00f8 Graduate School of Business, <span style=\"text-decoration: underline;\">Bod\u00f8<\/span><span style=\"text-decoration: underline;\">, Norway<\/span>; August 1997<\/p>\n<p>PhD Candidate Conference; &#8220;Scandinavian Academy of Management (NFF)&#8221;; Sulitjelma, Norway; August 1997<\/p>\n<p>&#8220;<strong>Organisational Responses to Radical Environmental Changes<\/strong>&#8220;; European Group for Organizational Studies (EGOS), Budapest University of Economic Sciences and Public Administration, <span style=\"text-decoration: underline;\">Budapest<\/span><span style=\"text-decoration: underline;\">, Hungary<\/span>; July 1997<\/p>\n<p><strong>Research Visit<\/strong>; <span style=\"text-decoration: underline;\">Internet Society (ISOC); Reston, VA, USA<\/span>; April 1997<\/p>\n<p>38th <strong>IETF Meeting<\/strong>; Internet Engineering Task Force (IETF); Peabody Hotel, <span style=\"text-decoration: underline;\">Memphis<\/span><span style=\"text-decoration: underline;\">, TN, USA<\/span>; April 1997<\/p>\n<p>&#8220;<strong>Internationalization, Europeanization &amp; Public Sector<\/strong>&#8220;; 3rd PeSCE workshop; <span style=\"text-decoration: underline;\">Bod\u00f8 &amp; Landegode Lighthouse, Norway<\/span>; June 1996<\/p>\n<p>&#8220;<strong>The Study of European Integration: Domestic and International Issues<\/strong>&#8220;; Copenhagen Research Program on European Integration (CORE), <span style=\"text-decoration: underline;\">Humleb\u00e6k<\/span><span style=\"text-decoration: underline;\">, Denmark<\/span>; May &#8211; June 1996<\/p>\n<p><strong>Research Visit<\/strong>, &#8220;Public Management Committee&#8221;; Organisation for Economic Co-operation and Development <span style=\"text-decoration: underline;\">(OECD); Paris, France<\/span>; March &#8211; April 1996<\/p>\n<\/div><div class=\"fusion-title title fusion-title-7 fusion-title-text fusion-title-size-one\"><h1 class=\"title-heading-left\" style=\"margin:0;\">Lecturing &#8211; Academic Courses<\/h1><span class=\"awb-title-spacer\"><\/span><div class=\"title-sep-container\"><div class=\"title-sep sep-double sep-solid\" style=\"border-color:#e2e2e2;\"><\/div><\/div><\/div><div class=\"fusion-text fusion-text-7\"><p><strong>Using Software for Qualitative Research<\/strong>, PhD Course, Stockholm University, 2005.<\/p>\n<p><strong>Decision Making and Lobbying<\/strong>, MBA Course, Stockholm School of Economics, 1999-2003.<\/p>\n<p><strong>Businesses and Markets<\/strong>, MBA Course, Stockholm School of Economics, 2003.<\/p>\n<p><strong>The Surrounding World of Organizations<\/strong>, MBA Course, Stockholm School of Economics, 1997-1998.<\/p>\n<p><strong>Organizational Change<\/strong>, MBA Course, Stockholm School of Economics, 2002-2003.<\/p>\n<\/div><div class=\"fusion-clearfix\"><\/div><\/div><\/div><div class=\"fusion-layout-column fusion_builder_column fusion-builder-column-3 fusion_builder_column_1_3 1_3 fusion-one-third fusion-column-last\" style=\"--awb-bg-size:cover;width:30.6666%;\"><div class=\"fusion-column-wrapper fusion-flex-column-wrapper-legacy\"><div class=\"fusion-person person fusion-person-left fusion-person-1 fusion-person-icon-top\" style=\"--awb-pic-style-color:#000000;--awb-pic-borderradius:0px;--awb-margin-top:0px;--awb-margin-right:0px;--awb-margin-bottom:0px;--awb-margin-left:0px;--awb-social-box-border-top:0px;--awb-social-box-border-right:0px;--awb-social-box-border-bottom:0px;--awb-social-box-border-left:0px;--awb-social-box-border-color:var(--awb-color3);--awb-social-box-border-color-hover:var(--awb-color4);--awb-social-box-colors-hover:rgba(242,243,245,0.8);--awb-social-icon-boxed-colors:#f2f3f5;--awb-social-icon-colors:#9ea0a4;--awb-social-icon-colors-hover:rgba(158,160,164,0.8);\"><div class=\"person-shortcode-image-wrapper\"><div class=\"person-image-container hover-type-none\" style=\"border:0px solid #e2e2e2;-webkit-border-radius:0px;-moz-border-radius:0px;border-radius:0px;\"><img decoding=\"async\" class=\"person-img img-responsive wp-image-1372\" width=\"542\" height=\"361\" src=\"http:\/\/lerdell.com\/wp-content\/uploads\/2020\/04\/dl.jpg\" alt=\"David Lerdell\" srcset=\"https:\/\/lerdell.com\/wp-content\/uploads\/2020\/04\/dl-200x133.jpg 200w, https:\/\/lerdell.com\/wp-content\/uploads\/2020\/04\/dl-400x266.jpg 400w, https:\/\/lerdell.com\/wp-content\/uploads\/2020\/04\/dl.jpg 542w\" sizes=\"(max-width: 800px) 100vw, 400px\" \/><\/div><\/div><div class=\"person-desc\"><div class=\"person-author\"><div class=\"person-author-wrapper\"><span class=\"person-name\">David Lerdell<\/span><span class=\"person-title\"><\/span><\/div><\/div><div class=\"person-content fusion-clearfix\"><\/div><\/div><\/div><div class=\"fusion-clearfix\"><\/div><\/div><\/div><\/div><\/div>\n","protected":false},"excerpt":{"rendered":"<p>Om Lerdell InvestigationsLerdell Investigations bedriver strategisk omv\u00e4rldsbevakning, med fokus p\u00e5 [&hellip;]<\/p>\n","protected":false},"author":1,"featured_media":0,"parent":0,"menu_order":300,"comment_status":"closed","ping_status":"open","template":"","meta":[],"_links":{"self":[{"href":"https:\/\/lerdell.com\/wp-json\/wp\/v2\/pages\/1166"}],"collection":[{"href":"https:\/\/lerdell.com\/wp-json\/wp\/v2\/pages"}],"about":[{"href":"https:\/\/lerdell.com\/wp-json\/wp\/v2\/types\/page"}],"author":[{"embeddable":true,"href":"https:\/\/lerdell.com\/wp-json\/wp\/v2\/users\/1"}],"replies":[{"embeddable":true,"href":"https:\/\/lerdell.com\/wp-json\/wp\/v2\/comments?post=1166"}],"version-history":[{"count":2,"href":"https:\/\/lerdell.com\/wp-json\/wp\/v2\/pages\/1166\/revisions"}],"predecessor-version":[{"id":1374,"href":"https:\/\/lerdell.com\/wp-json\/wp\/v2\/pages\/1166\/revisions\/1374"}],"wp:attachment":[{"href":"https:\/\/lerdell.com\/wp-json\/wp\/v2\/media?parent=1166"}],"curies":[{"name":"wp","href":"https:\/\/api.w.org\/{rel}","templated":true}]}}