{"id":130,"date":"2008-12-07T16:45:49","date_gmt":"2008-12-07T15:45:49","guid":{"rendered":"http:\/\/www.lerdell.com\/tjanster\/omvarld\/"},"modified":"2008-12-07T16:45:49","modified_gmt":"2008-12-07T15:45:49","slug":"omvarld","status":"publish","type":"page","link":"https:\/\/lerdell.com\/tjanster\/omvarld\/","title":{"rendered":"Omv\u00e4rld"},"content":{"rendered":"<div class=\"fusion-fullwidth fullwidth-box fusion-builder-row-1 hundred-percent-fullwidth non-hundred-percent-height-scrolling\" style=\"--awb-border-radius-top-left:0px;--awb-border-radius-top-right:0px;--awb-border-radius-bottom-right:0px;--awb-border-radius-bottom-left:0px;--awb-overflow:visible;\" ><div class=\"fusion-builder-row fusion-row\"><div class=\"fusion-layout-column fusion_builder_column fusion-builder-column-0 fusion_builder_column_1_1 1_1 fusion-one-full fusion-column-first fusion-column-last fusion-column-no-min-height\" style=\"--awb-bg-size:cover;--awb-margin-bottom:0px;\"><div class=\"fusion-column-wrapper fusion-flex-column-wrapper-legacy\">[slideshow id=2]\n<p>Det blir allt viktigare f\u00f6r f\u00f6retag och organisationer att f\u00f6rst\u00e5, bevaka och hantera sin omv\u00e4rld. Begrepp som Business Intelligence och Competitive Intelligence anv\u00e4nds f\u00f6r denna verksamhet, och Lerdell Investigations erbjuder f\u00f6ljande omv\u00e4rldstj\u00e4nster:<\/p>\n<ul>\n<li><a title=\"Omv\u00e4rldsbevakning\" href=\"http:\/\/www.lerdell.com\/tjanster\/omvarldsbevakning\/\">Omv\u00e4rldsbevakning<\/a><\/li>\n<li><a title=\"Omv\u00e4rldsanalys\" href=\"http:\/\/www.lerdell.com\/tjanster\/omvarldsanalys\/\">Omv\u00e4rldsanalys<\/a><\/li>\n<\/ul>\n<hr \/>\n<div class=\"fusion-clearfix\"><\/div><\/div><\/div><\/div><\/div>\n","protected":false},"excerpt":{"rendered":"<p>[slideshow id=2] Det blir allt viktigare f\u00f6r f\u00f6retag och organisationer [&hellip;]<\/p>\n","protected":false},"author":1,"featured_media":0,"parent":831,"menu_order":0,"comment_status":"closed","ping_status":"closed","template":"","meta":[],"_links":{"self":[{"href":"https:\/\/lerdell.com\/wp-json\/wp\/v2\/pages\/130"}],"collection":[{"href":"https:\/\/lerdell.com\/wp-json\/wp\/v2\/pages"}],"about":[{"href":"https:\/\/lerdell.com\/wp-json\/wp\/v2\/types\/page"}],"author":[{"embeddable":true,"href":"https:\/\/lerdell.com\/wp-json\/wp\/v2\/users\/1"}],"replies":[{"embeddable":true,"href":"https:\/\/lerdell.com\/wp-json\/wp\/v2\/comments?post=130"}],"version-history":[{"count":0,"href":"https:\/\/lerdell.com\/wp-json\/wp\/v2\/pages\/130\/revisions"}],"up":[{"embeddable":true,"href":"https:\/\/lerdell.com\/wp-json\/wp\/v2\/pages\/831"}],"wp:attachment":[{"href":"https:\/\/lerdell.com\/wp-json\/wp\/v2\/media?parent=130"}],"curies":[{"name":"wp","href":"https:\/\/api.w.org\/{rel}","templated":true}]}}