{"id":131,"date":"2008-12-07T16:58:27","date_gmt":"2008-12-07T15:58:27","guid":{"rendered":"http:\/\/www.lerdell.com\/tjanster\/media\/"},"modified":"2008-12-07T16:58:27","modified_gmt":"2008-12-07T15:58:27","slug":"media","status":"publish","type":"page","link":"https:\/\/lerdell.com\/tjanster\/media\/","title":{"rendered":"Media"},"content":{"rendered":"<p>S\u00e5v\u00e4l medieutbudet som behovet f\u00f6r f\u00f6retag och organisationer att bevaka media v\u00e4xer kontinuerligt. I takt med att antalet mediekanaler v\u00e4xer (press, etermedia, webbmedia, etc), \u00e4r det inte sv\u00e5rt att hitta till synes relevanta medieinslag.<\/p>\n<p>Genom \u00e5ren har v\u00e5ra kunder p\u00e5pekat att det f\u00f6rh\u00e5ller sig tv\u00e4rtom, m\u00e4ngden information har snarare gjort det sv\u00e5rare att hitta relevant information (information overload). Det \u00e4r anledningen till att Lerdell Investigations utvecklat metoder f\u00f6r att identifera det riktigt relevanta.<\/p>\n<p>Vi arbetar d\u00e4rf\u00f6r mycket h\u00e5rt f\u00f6r att v\u00e5r mediebevakning s\u00e4kerst\u00e4ller att v\u00e5ra kunder kan k\u00e4nna sig s\u00e4kra p\u00e5 att inte missa n\u00e5gra viktiga nyhetsinslag (i Sverige eller globalt sett) utan att drunkna i information.<\/p>\n<p>N\u00e5got tillspetsat kan vi sammanfatta v\u00e5r mediabevakning p\u00e5 f\u00f6ljande s\u00e4tt: vi bevakar mer och mer, men levererar allt mindre &#8211; men relevant information &#8211; till v\u00e5ra kunder. <a href=\"http:\/\/www.lerdell.com\/kontakt\/\" title=\"Kontakta oss\"><\/a><\/p>\n<p><a href=\"http:\/\/www.lerdell.com\/kontakt\/\" title=\"Kontakta oss\">Kontakta oss<\/a> f\u00f6r en f\u00f6ruts\u00e4ttningsl\u00f6s diskussion om hur media borde bevakas.<\/p>\n<hr \/>\n","protected":false},"excerpt":{"rendered":"<p>S\u00e5v\u00e4l medieutbudet som behovet f\u00f6r f\u00f6retag och organisationer att bevaka [&hellip;]<\/p>\n","protected":false},"author":1,"featured_media":0,"parent":831,"menu_order":0,"comment_status":"closed","ping_status":"closed","template":"","meta":[],"_links":{"self":[{"href":"https:\/\/lerdell.com\/wp-json\/wp\/v2\/pages\/131"}],"collection":[{"href":"https:\/\/lerdell.com\/wp-json\/wp\/v2\/pages"}],"about":[{"href":"https:\/\/lerdell.com\/wp-json\/wp\/v2\/types\/page"}],"author":[{"embeddable":true,"href":"https:\/\/lerdell.com\/wp-json\/wp\/v2\/users\/1"}],"replies":[{"embeddable":true,"href":"https:\/\/lerdell.com\/wp-json\/wp\/v2\/comments?post=131"}],"version-history":[{"count":0,"href":"https:\/\/lerdell.com\/wp-json\/wp\/v2\/pages\/131\/revisions"}],"up":[{"embeddable":true,"href":"https:\/\/lerdell.com\/wp-json\/wp\/v2\/pages\/831"}],"wp:attachment":[{"href":"https:\/\/lerdell.com\/wp-json\/wp\/v2\/media?parent=131"}],"curies":[{"name":"wp","href":"https:\/\/api.w.org\/{rel}","templated":true}]}}