{"id":132,"date":"2008-12-07T17:17:12","date_gmt":"2008-12-07T16:17:12","guid":{"rendered":"http:\/\/www.lerdell.com\/tjanster\/analys\/"},"modified":"2008-12-07T17:17:12","modified_gmt":"2008-12-07T16:17:12","slug":"analys","status":"publish","type":"page","link":"https:\/\/lerdell.com\/tjanster\/analys\/","title":{"rendered":"Analys"},"content":{"rendered":"<p>Lerdell Investigations analystj\u00e4nster som syftar till att skapa f\u00f6rst\u00e5else och insikt \u00e5t v\u00e5ra kunder. Vi anv\u00e4nder oss av etablerade metoder som SWOT- och PEST-analyser, men arbetar h\u00e5rt med att inte fastna i f\u00f6renklade modeller. Tv\u00e4rtom vinnl\u00e4gger vi oss om att i detalj kartl\u00e4gga vilket analysbehov kunden har, och l\u00e5ter behovet och inte metoden styra v\u00e5rt arbete.<\/p>\n<p>Vi erbjuder f\u00f6ljande analystj\u00e4nster:<\/p>\n<ul>\n<li><a href=\"http:\/\/www.lerdell.com\/tjanster\/swot-analys\/\" title=\"SWOT-analys\">SWOT-analys<\/a><\/li>\n<li><a href=\"http:\/\/www.lerdell.com\/tjanster\/pest-analys\/\" title=\"PEST-analys\">PEST-analys<\/a><\/li>\n<li><a href=\"http:\/\/www.lerdell.com\/tjanster\/konkurrentanalys\/\" title=\"Konkurrentanalys\">Konkurrentanalys<\/a><\/li>\n<li><a href=\"http:\/\/www.lerdell.com\/tjanster\/marknadsanalys\/\" title=\"Marknadsanalys\">Marknadsanalys<\/a><\/li>\n<\/ul>\n<hr \/>\n","protected":false},"excerpt":{"rendered":"<p>Lerdell Investigations analystj\u00e4nster som syftar till att skapa f\u00f6rst\u00e5else och [&hellip;]<\/p>\n","protected":false},"author":1,"featured_media":0,"parent":831,"menu_order":0,"comment_status":"closed","ping_status":"closed","template":"","meta":[],"_links":{"self":[{"href":"https:\/\/lerdell.com\/wp-json\/wp\/v2\/pages\/132"}],"collection":[{"href":"https:\/\/lerdell.com\/wp-json\/wp\/v2\/pages"}],"about":[{"href":"https:\/\/lerdell.com\/wp-json\/wp\/v2\/types\/page"}],"author":[{"embeddable":true,"href":"https:\/\/lerdell.com\/wp-json\/wp\/v2\/users\/1"}],"replies":[{"embeddable":true,"href":"https:\/\/lerdell.com\/wp-json\/wp\/v2\/comments?post=132"}],"version-history":[{"count":0,"href":"https:\/\/lerdell.com\/wp-json\/wp\/v2\/pages\/132\/revisions"}],"up":[{"embeddable":true,"href":"https:\/\/lerdell.com\/wp-json\/wp\/v2\/pages\/831"}],"wp:attachment":[{"href":"https:\/\/lerdell.com\/wp-json\/wp\/v2\/media?parent=132"}],"curies":[{"name":"wp","href":"https:\/\/api.w.org\/{rel}","templated":true}]}}