{"id":133,"date":"2008-12-07T17:23:05","date_gmt":"2008-12-07T16:23:05","guid":{"rendered":"http:\/\/www.lerdell.com\/tjanster\/pr-kommunikation\/"},"modified":"2008-12-07T17:23:05","modified_gmt":"2008-12-07T16:23:05","slug":"pr-kommunikation","status":"publish","type":"page","link":"https:\/\/lerdell.com\/tjanster\/pr-kommunikation\/","title":{"rendered":"PR & Kommunikation"},"content":{"rendered":"<p>Genom v\u00e5rt arbete med att f\u00e5nga in information fr\u00e5n Internet och media, har vi dels utvecklat en f\u00f6rst\u00e5else f\u00f6r hur man b\u00f6r kommunicera f\u00f6r att f\u00e5 genomslag, dels p\u00e5 grund av att v\u00e5ra kunder efterfr\u00e5gat hur man b\u00f6r kommunicera p\u00e5 Internet utvecklat f\u00f6ljande PR-tj\u00e4nster:<\/p>\n<ul>\n<li><a href=\"http:\/\/www.lerdell.com\/tjanster\/sok-pr\/\" title=\"S\u00f6k-PR, PR p\u00e5 Internet, PR p\u00e5 n\u00e4tet\">S\u00f6k-PR<\/a><\/li>\n<li><a href=\"http:\/\/www.lerdell.com\/tjanster\/rykteshantering-pa-internet\/\" title=\"Rykteshantering p\u00e5 Internet, Rykten p\u00e5 n\u00e4tet\">Rykteshantering p\u00e5 Internet<\/a><\/li>\n<li>Webbstrategi<\/li>\n<\/ul>\n<hr \/>\n","protected":false},"excerpt":{"rendered":"<p>Genom v\u00e5rt arbete med att f\u00e5nga in information fr\u00e5n Internet [&hellip;]<\/p>\n","protected":false},"author":1,"featured_media":0,"parent":831,"menu_order":0,"comment_status":"closed","ping_status":"closed","template":"","meta":[],"_links":{"self":[{"href":"https:\/\/lerdell.com\/wp-json\/wp\/v2\/pages\/133"}],"collection":[{"href":"https:\/\/lerdell.com\/wp-json\/wp\/v2\/pages"}],"about":[{"href":"https:\/\/lerdell.com\/wp-json\/wp\/v2\/types\/page"}],"author":[{"embeddable":true,"href":"https:\/\/lerdell.com\/wp-json\/wp\/v2\/users\/1"}],"replies":[{"embeddable":true,"href":"https:\/\/lerdell.com\/wp-json\/wp\/v2\/comments?post=133"}],"version-history":[{"count":0,"href":"https:\/\/lerdell.com\/wp-json\/wp\/v2\/pages\/133\/revisions"}],"up":[{"embeddable":true,"href":"https:\/\/lerdell.com\/wp-json\/wp\/v2\/pages\/831"}],"wp:attachment":[{"href":"https:\/\/lerdell.com\/wp-json\/wp\/v2\/media?parent=133"}],"curies":[{"name":"wp","href":"https:\/\/api.w.org\/{rel}","templated":true}]}}