{"id":135,"date":"2008-12-07T17:37:51","date_gmt":"2008-12-07T16:37:51","guid":{"rendered":"http:\/\/www.lerdell.com\/tjanster\/foretagsundersokning-strategisk-due-diligence\/"},"modified":"2008-12-07T17:37:51","modified_gmt":"2008-12-07T16:37:51","slug":"foretagsundersokning-strategisk-due-diligence","status":"publish","type":"page","link":"https:\/\/lerdell.com\/tjanster\/foretagsundersokning-strategisk-due-diligence\/","title":{"rendered":"F\u00f6retagsbesiktning (F\u00f6retagsunders\u00f6kning, Corporate Due Diligence)"},"content":{"rendered":"<p class=\"mceTemp\">En f\u00f6retagsbesiktning \u00e4r en analys av ett f\u00f6retag inf\u00f6r en investering, ett f\u00f6rv\u00e4rv, samg\u00e5ende eller partnerskap. En f\u00f6retagsbesiktning kan ocks\u00e5 vara aktuell vid unders\u00f6kning av leverant\u00f6rer och konkurrenter.<\/p>\n<p><a href=\"http:\/\/www.lerdell.com\/downloads\/LERDELL-Foeretagsbesiktning-Foeratagsundersoekning-Corporate-due-diligence.pdf\"><img decoding=\"async\" class=\"size-full wp-image-267 alignnone\" title=\"foeretagsbesiktning-foeratagsundersoekning-corporate-due-diligence1\" src=\"http:\/\/www.lerdell.com\/wp-content\/uploads\/2008\/12\/foeretagsbesiktning-foeratagsundersoekning-corporate-due-diligence1.jpg\" alt=\"F\u00f6retagsbesiktning, f\u00f6retagsunders\u00f6kning, Corporate Due Diligence\" width=\"424\" height=\"283\" \/><\/a><\/p>\n<p class=\"mceTemp\">\u00a0<\/p>\n<dt class=\"wp-caption-dt\">Produktblad om v\u00e5ra f\u00f6retagsbesiktningstj\u00e4nster g\u00e5r att <a title=\"LERDELL-Human-Due-Diligence\" href=\"http:\/\/www.lerdell.com\/downloads\/LERDELL-Foeretagsbesiktning-Foeratagsundersoekning-Corporate-due-diligence.pdf\" target=\"_blank\" rel=\"noopener noreferrer\">ladda ned h\u00e4r<\/a>.<\/dt>\n<p>\u00a0<\/p>\n<p>Lerdell Investigations har erfarenhet av omfattande och flexibla f\u00f6retagsbesiktningar, och erbjuder tv\u00e5 olika unders\u00f6kningar: begr\u00e4nsad samt omfattande f\u00f6retagsbesiktning.<\/p>\n<h3>Begr\u00e4nsad f\u00f6retagsbesiktning<\/h3>\n<p>En begr\u00e4nsad f\u00f6retagsbesiktning \u00e4r avsedd f\u00f6r f\u00f6retag och individer som vill kontrollera bakgrunden hos potentiella leverant\u00f6rer, underleverant\u00f6rer eller aff\u00e4rsbekanta. H\u00e4r unders\u00f6ks bl.a. f\u00f6retagets historia, kreditv\u00e4rdighet och rykte.<\/p>\n<h3>Omfattande f\u00f6retagsbesiktning<\/h3>\n<p>Lerdell Investigations rekommenderar f\u00f6retag och individer som \u00e4r p\u00e5 v\u00e4g in i betydande ekonomiska f\u00f6rbindelser s\u00e5som partnerskap, f\u00f6rv\u00e4rv, eller investeringar att genomf\u00f6ra en mer omfattande f\u00f6retagsbesiktning. Vid en omfattande unders\u00f6kning kartl\u00e4ggs f\u00f6retagets historia, kreditv\u00e4rdighet, ledning, produkter, distribution, marknad, konkurrenter, produktion, ink\u00f6p, FoU, redovisning, varum\u00e4rke och rykte.<\/p>\n<h3>Anv\u00e4ndningsomr\u00e5den<\/h3>\n<ul>\n<li>F\u00f6rv\u00e4rv, inte minst vid uppk\u00f6p av och investeringar i icke-noterade bolag<\/li>\n<li>Investering<\/li>\n<li>Samg\u00e5ende<\/li>\n<li>Partnerskap och joint ventures<\/li>\n<li>Analys av potentiella leverant\u00f6rer<\/li>\n<li>Konkurrentanalys<\/li>\n<\/ul>\n<h3>Vad vi granskar<\/h3>\n<ul>\n<li>Verksamhetens historia<\/li>\n<li>Organisation, ledning och personal<\/li>\n<li>Redovisnings- &amp; ledningssystem<\/li>\n<li>Produkter, distribution, marknad, prisbild och konkurrenter<\/li>\n<li>Produktion, ink\u00f6p, FoU<\/li>\n<li>Historiska resultat och kassafl\u00f6den<\/li>\n<li>Prognoser och budgetar<\/li>\n<li>Tillg\u00e5ngar, skulder, skattesituation<\/li>\n<li>Varum\u00e4rke, rykte och mediebild<\/li>\n<li>Milj\u00f6- samt IT-strategier<\/li>\n<\/ul>\n<h3>K\u00e4llor<\/h3>\n<ul>\n<li>Bolags-, redovisnings- samt andra officiella handlingar<\/li>\n<li>Avtal<\/li>\n<li>Presentationsmaterial<\/li>\n<li>Media<\/li>\n<li>Internet<\/li>\n<li>Telefonunders\u00f6kning<\/li>\n<li>Vid \u00f6nskem\u00e5l \u00e4ven fysisk kontroll av produktionsanl\u00e4ggningar, butiker och varulager.<\/li>\n<\/ul>\n<h3>Metod<\/h3>\n<p>Lerdell Investigations arbetar utifr\u00e5n etablerade metoder f\u00f6r unders\u00f6kning av f\u00f6retag och individer som till exempel underr\u00e4ttelsecykeln och SWOT. Ledord f\u00f6r v\u00e5ra unders\u00f6kningar \u00e4r konfidentialitet, noggrannhet, flexibilitet och anv\u00e4ndbarhet.<\/p>\n<p>V\u00e4nligen ring oss p\u00e5 08-55 11 55 77 eller kontakta oss med hj\u00e4lp av v\u00e5rt kontaktformul\u00e4r, s\u00e5 kan vi ber\u00e4tta mer om v\u00e5ra f\u00f6retagsbesiktningar.<\/p>\n","protected":false},"excerpt":{"rendered":"<p>En f\u00f6retagsbesiktning \u00e4r en analys av ett f\u00f6retag inf\u00f6r en [&hellip;]<\/p>\n","protected":false},"author":1,"featured_media":0,"parent":831,"menu_order":0,"comment_status":"closed","ping_status":"closed","template":"","meta":[],"_links":{"self":[{"href":"https:\/\/lerdell.com\/wp-json\/wp\/v2\/pages\/135"}],"collection":[{"href":"https:\/\/lerdell.com\/wp-json\/wp\/v2\/pages"}],"about":[{"href":"https:\/\/lerdell.com\/wp-json\/wp\/v2\/types\/page"}],"author":[{"embeddable":true,"href":"https:\/\/lerdell.com\/wp-json\/wp\/v2\/users\/1"}],"replies":[{"embeddable":true,"href":"https:\/\/lerdell.com\/wp-json\/wp\/v2\/comments?post=135"}],"version-history":[{"count":0,"href":"https:\/\/lerdell.com\/wp-json\/wp\/v2\/pages\/135\/revisions"}],"up":[{"embeddable":true,"href":"https:\/\/lerdell.com\/wp-json\/wp\/v2\/pages\/831"}],"wp:attachment":[{"href":"https:\/\/lerdell.com\/wp-json\/wp\/v2\/media?parent=135"}],"curies":[{"name":"wp","href":"https:\/\/api.w.org\/{rel}","templated":true}]}}