{"id":14,"date":"2007-12-04T21:42:18","date_gmt":"2007-12-04T20:42:18","guid":{"rendered":"http:\/\/www.lerdell.com\/tjanster\/konkurrentanalys\/"},"modified":"2007-12-04T21:42:18","modified_gmt":"2007-12-04T20:42:18","slug":"konkurrentanalys","status":"publish","type":"page","link":"https:\/\/lerdell.com\/tjanster\/konkurrentanalys\/","title":{"rendered":"Konkurrentanalys"},"content":{"rendered":"<p>Vi ger er en bild av hur ni st\u00e5r i j\u00e4mf\u00f6relse med nuvarande och potentiella konkurrenter, s\u00e5v\u00e4l p\u00e5 den svenska marknaden som utomlands.<\/p>\n<p>Vi analyserar konkurrenternas styrkor och svagheter, marknadssituation, prisbild och strategier &#8211; helt enligt era \u00f6nskem\u00e5l och analysbehov.<\/p>\n<p>Analysen kan kompletteras med v\u00e5r omv\u00e4rldsbevakning f\u00f6r att f\u00f6lja f\u00f6r\u00e4ndringar hos era konkurrenter.<\/p>\n","protected":false},"excerpt":{"rendered":"<p>Vi ger er en bild av hur ni st\u00e5r i [&hellip;]<\/p>\n","protected":false},"author":1,"featured_media":0,"parent":831,"menu_order":10,"comment_status":"closed","ping_status":"open","template":"","meta":[],"_links":{"self":[{"href":"https:\/\/lerdell.com\/wp-json\/wp\/v2\/pages\/14"}],"collection":[{"href":"https:\/\/lerdell.com\/wp-json\/wp\/v2\/pages"}],"about":[{"href":"https:\/\/lerdell.com\/wp-json\/wp\/v2\/types\/page"}],"author":[{"embeddable":true,"href":"https:\/\/lerdell.com\/wp-json\/wp\/v2\/users\/1"}],"replies":[{"embeddable":true,"href":"https:\/\/lerdell.com\/wp-json\/wp\/v2\/comments?post=14"}],"version-history":[{"count":0,"href":"https:\/\/lerdell.com\/wp-json\/wp\/v2\/pages\/14\/revisions"}],"up":[{"embeddable":true,"href":"https:\/\/lerdell.com\/wp-json\/wp\/v2\/pages\/831"}],"wp:attachment":[{"href":"https:\/\/lerdell.com\/wp-json\/wp\/v2\/media?parent=14"}],"curies":[{"name":"wp","href":"https:\/\/api.w.org\/{rel}","templated":true}]}}