{"id":140,"date":"2008-12-11T08:41:54","date_gmt":"2008-12-11T07:41:54","guid":{"rendered":"http:\/\/www.lerdell.com\/tjanster\/researchanything\/"},"modified":"2008-12-11T08:41:54","modified_gmt":"2008-12-11T07:41:54","slug":"researchanything","status":"publish","type":"page","link":"https:\/\/lerdell.com\/tjanster\/researchanything\/","title":{"rendered":"ResearchAnything"},"content":{"rendered":"<p>Efter 15 \u00e5r av research inom en rad olika omr\u00e5den introducerar nu Lerdell Investigations konceptet ResearchAnything, vilket bygger p\u00e5 de erfarenheter och de metoder som utvecklats under \u00e5ren i syfte att svara upp mot f\u00f6retags och organisationers unders\u00f6kningsbehov.<\/p>\n<p>Po\u00e4ngen med ResearchAnything \u00e4r att inget uppdrag \u00e4r f\u00f6r udda eller om\u00f6jligt f\u00f6r oss &#8211; beh\u00f6ver du veta n\u00e5got s\u00e5 tar vi reda p\u00e5 det.<\/p>\n<p>ResearchAnything-konceptet omfattar:<\/p>\n<p>Identifiering av kundens unders\u00f6knings- och analysbehov.<\/p>\n<p>Utifr\u00e5n analysbehovet skr\u00e4ddarsys sedan unders\u00f6kningen genom anv\u00e4ndning av en eller flera av de forskningsmetoder som Lerdell Investigations har i sin verktygsl\u00e5da:<\/p>\n<ul>\n<li>Intervjuer<\/li>\n<li>Fokusgrupper<\/li>\n<li>Studiebes\u00f6k, f\u00e4ltstudier och researchsresor<\/li>\n<li>Internet Intelligence (inh\u00e4mtning av information som inte g\u00e5r att finna med hj\u00e4lp av s\u00f6kmotorerna)<\/li>\n<li>Enk\u00e4ter<\/li>\n<li>Arkiv &#8211; och litteraturstudier<\/li>\n<li>Telefonunders\u00f6kning<\/li>\n<li>Tester och experiment<\/li>\n<\/ul>\n<p>Den insamlade information hanteras sedan i de knowledge management-system som utvecklats av Lerdell Investigations AB, d\u00e4r information omvandlas till kunskap.<\/p>\n<p>Varje uppdrag avslutas sedan med att s\u00e4kerst\u00e4lla att kunden f\u00e5r de insikter som efterfr\u00e5gats, genom kunskaps\u00f6verf\u00f6ring i form av rapporter, presentationer och workshops.<\/p>\n<p><a href=\"http:\/\/www.lerdell.com\/kontakt\/\" title=\"Kontakta oss om research\">Kontakta oss<\/a> s\u00e5 ber\u00e4ttar vi mer om v\u00e5ra researchtj\u00e4nster.<\/p>\n","protected":false},"excerpt":{"rendered":"<p>Efter 15 \u00e5r av research inom en rad olika omr\u00e5den [&hellip;]<\/p>\n","protected":false},"author":1,"featured_media":0,"parent":831,"menu_order":0,"comment_status":"closed","ping_status":"closed","template":"","meta":[],"_links":{"self":[{"href":"https:\/\/lerdell.com\/wp-json\/wp\/v2\/pages\/140"}],"collection":[{"href":"https:\/\/lerdell.com\/wp-json\/wp\/v2\/pages"}],"about":[{"href":"https:\/\/lerdell.com\/wp-json\/wp\/v2\/types\/page"}],"author":[{"embeddable":true,"href":"https:\/\/lerdell.com\/wp-json\/wp\/v2\/users\/1"}],"replies":[{"embeddable":true,"href":"https:\/\/lerdell.com\/wp-json\/wp\/v2\/comments?post=140"}],"version-history":[{"count":0,"href":"https:\/\/lerdell.com\/wp-json\/wp\/v2\/pages\/140\/revisions"}],"up":[{"embeddable":true,"href":"https:\/\/lerdell.com\/wp-json\/wp\/v2\/pages\/831"}],"wp:attachment":[{"href":"https:\/\/lerdell.com\/wp-json\/wp\/v2\/media?parent=140"}],"curies":[{"name":"wp","href":"https:\/\/api.w.org\/{rel}","templated":true}]}}