{"id":15,"date":"2007-12-04T21:57:14","date_gmt":"2007-12-04T20:57:14","guid":{"rendered":"http:\/\/www.lerdell.com\/tjanster\/marknadsanalys\/"},"modified":"2007-12-04T21:57:14","modified_gmt":"2007-12-04T20:57:14","slug":"marknadsanalys","status":"publish","type":"page","link":"https:\/\/lerdell.com\/tjanster\/marknadsanalys\/","title":{"rendered":"Marknadsanalys"},"content":{"rendered":"<h3>Nul\u00e4gesanalys<\/h3>\n<p>Vi analyserar din befintliga marknad utifr\u00e5n era analysbehov, till exempel kunder, kunders kunder, konkurrenter, politisk risk, teknik, outsourcing, mm.<\/p>\n<h3>Marknadspotential<\/h3>\n<p>Inf\u00f6r etablering p\u00e5 en ny marknad \u00e4r det viktigt att ta fram b\u00e4sta m\u00f6jliga beslutsunderlag.<\/p>\n<p>Vi analyserar er marknadspotential avseende konkurrentsituation, efterfr\u00e5gan eller politisk risk, till exempel.<\/p>\n","protected":false},"excerpt":{"rendered":"<p>Nul\u00e4gesanalys Vi analyserar din befintliga marknad utifr\u00e5n era analysbehov, till [&hellip;]<\/p>\n","protected":false},"author":1,"featured_media":0,"parent":831,"menu_order":12,"comment_status":"closed","ping_status":"open","template":"","meta":[],"_links":{"self":[{"href":"https:\/\/lerdell.com\/wp-json\/wp\/v2\/pages\/15"}],"collection":[{"href":"https:\/\/lerdell.com\/wp-json\/wp\/v2\/pages"}],"about":[{"href":"https:\/\/lerdell.com\/wp-json\/wp\/v2\/types\/page"}],"author":[{"embeddable":true,"href":"https:\/\/lerdell.com\/wp-json\/wp\/v2\/users\/1"}],"replies":[{"embeddable":true,"href":"https:\/\/lerdell.com\/wp-json\/wp\/v2\/comments?post=15"}],"version-history":[{"count":0,"href":"https:\/\/lerdell.com\/wp-json\/wp\/v2\/pages\/15\/revisions"}],"up":[{"embeddable":true,"href":"https:\/\/lerdell.com\/wp-json\/wp\/v2\/pages\/831"}],"wp:attachment":[{"href":"https:\/\/lerdell.com\/wp-json\/wp\/v2\/media?parent=15"}],"curies":[{"name":"wp","href":"https:\/\/api.w.org\/{rel}","templated":true}]}}