{"id":357,"date":"2009-07-12T07:43:23","date_gmt":"2009-07-12T06:43:23","guid":{"rendered":"http:\/\/www.lerdell.com\/?page_id=357"},"modified":"2009-07-12T07:43:23","modified_gmt":"2009-07-12T06:43:23","slug":"lerdellipedia-ordlista","status":"publish","type":"page","link":"https:\/\/lerdell.com\/om-oss\/lerdellipedia-ordlista\/","title":{"rendered":"Lerdellipedia - ordlista"},"content":{"rendered":"<p>Lerdellipedia \u00e4r v\u00e5r lite sk\u00e4mtsamma ben\u00e4mning p\u00e5 den framv\u00e4xande ordlista, d\u00e4r vi definierar begrepp som har betydelse f\u00f6r v\u00e5r och v\u00e5ra klienters verksamhet. Till att b\u00f6rja med \u00e4r begreppet <em>Lerdellipedia<\/em> naturligtvis inspirerat av begreppen <em>encyklopedi<\/em> och <em>Wikipedia<\/em>, men \u00e4ven av <em>Intellipedia<\/em> som \u00e4r den amerikanska underr\u00e4ttelsetj\u00e4nstens framv\u00e4xande kunskapssystem.<\/p>\n<ul>\n<li>Background Check, se <a href=\"http:\/\/www.lerdell.com\/om-oss\/lerdellipedia-ordlista\/bakgrundskontroll-definition\/\" target=\"_self\" rel=\"noopener noreferrer\">Bakgrundskontroll<\/a><\/li>\n<li>Background Screening, se <a title=\"Bakgrundskontroll [definition]\" href=\"http:\/\/www.lerdell.com\/om-oss\/lerdellipedia-ordlista\/bakgrundskontroll-definition\/\" target=\"_self\" rel=\"noopener noreferrer\">Bakgrundskontroll<\/a><\/li>\n<li>Bakgrundskoll, se <a title=\"Bakgrundskontroll [definition]\" href=\"http:\/\/www.lerdell.com\/om-oss\/lerdellipedia-ordlista\/bakgrundskontroll-definition\/\" target=\"_self\" rel=\"noopener noreferrer\">Bakgrundskontroll<\/a><\/li>\n<li><a title=\"Bakgrundskontroll [definition]\" href=\"http:\/\/www.lerdell.com\/om-oss\/lerdellipedia-ordlista\/bakgrundskontroll-definition\/\" target=\"_self\" rel=\"noopener noreferrer\">Bakgrundskontroll<\/a><\/li>\n<li>Bakgrundsunders\u00f6kning, se <a title=\"Bakgrundskontroll [definition]\" href=\"http:\/\/www.lerdell.com\/om-oss\/lerdellipedia-ordlista\/bakgrundskontroll-definition\/\" target=\"_self\" rel=\"noopener noreferrer\">Bakgrundskontroll<\/a><\/li>\n<li><a title=\"http:\/\/www.lerdell.com\/om-oss\/lerdellipedia-ordlista\/due-diligence-dd-definition\/\" href=\"http:\/\/www.lerdell.com\/om-oss\/lerdellipedia-ordlista\/due-diligence-dd-definition\/\" target=\"_self\" rel=\"noopener noreferrer\">Due Diligence<\/a><\/li>\n<li>F\u00f6rsiktighetsbesiktning, se <a title=\"http:\/\/www.lerdell.com\/om-oss\/lerdellipedia-ordlista\/due-diligence-dd-definition\/\" href=\"http:\/\/www.lerdell.com\/om-oss\/lerdellipedia-ordlista\/due-diligence-dd-definition\/\" target=\"_self\" rel=\"noopener noreferrer\">Due Diligence<\/a><\/li>\n<li>Human Due Diligence, se , se <a title=\"Bakgrundskontroll [definition]\" href=\"http:\/\/www.lerdell.com\/om-oss\/lerdellipedia-ordlista\/bakgrundskontroll-definition\/\" target=\"_self\" rel=\"noopener noreferrer\">Bakgrundskontroll<\/a> och <a title=\"http:\/\/www.lerdell.com\/om-oss\/lerdellipedia-ordlista\/due-diligence-dd-definition\/\" href=\"http:\/\/www.lerdell.com\/om-oss\/lerdellipedia-ordlista\/due-diligence-dd-definition\/\" target=\"_self\" rel=\"noopener noreferrer\">Due Diligence<\/a><\/li>\n<li><a title=\"Lerdellipedia: Omv\u00e4rld, definition\" href=\"http:\/\/www.lerdell.com\/om-oss\/lerdellipedia-ordlista\/omvarld-definition\/\" target=\"_self\" rel=\"noopener noreferrer\">Omv\u00e4rld<\/a><\/li>\n<li><a title=\"http:\/\/www.lerdell.com\/om-oss\/lerdellipedia-ordlista\/omvarldsanalys-definition\/\" href=\"http:\/\/www.lerdell.com\/om-oss\/lerdellipedia-ordlista\/omvarldsanalys-definition\/\" target=\"_self\" rel=\"noopener noreferrer\">Omv\u00e4rldsanalys<\/a><\/li>\n<li><a title=\"Begreppet omv\u00e4rldsbevakning, definition.\" href=\"http:\/\/www.lerdell.com\/om-oss\/lerdellipedia-ordlista\/omvarldsbevakning-definition\/\" target=\"_self\" rel=\"noopener noreferrer\">Omv\u00e4rldsbevakning<\/a><\/li>\n<li>Omv\u00e4rldsbevakningscykeln, se <a title=\"Begreppet underr\u00e4ttelsecykeln, definition.\" href=\"http:\/\/www.lerdell.com\/om-oss\/lerdellipedia-ordlista\/underrattelsecykeln-definition\/\" target=\"_self\" rel=\"noopener noreferrer\">Underr\u00e4ttelsecykeln<\/a><\/li>\n<li><a title=\"Omv\u00e4rldskarta\" href=\"http:\/\/www.lerdell.com\/om-oss\/lerdellipedia-ordlista\/omvarldskarta-definition\/\" target=\"_self\" rel=\"noopener noreferrer\">Omv\u00e4rldskarta<\/a><\/li>\n<li>Omv\u00e4rldsspaning, se <a title=\"Begreppet omv\u00e4rldsbevakning, definition.\" href=\"http:\/\/www.lerdell.com\/om-oss\/lerdellipedia-ordlista\/omvarldsbevakning-definition\/\" target=\"_self\" rel=\"noopener noreferrer\">Omv\u00e4rldsbevakning<\/a><\/li>\n<li><a title=\"Personunders\u00f6kning, definition.\" href=\"http:\/\/www.lerdell.com\/om-oss\/lerdellipedia-ordlista\/personundersokning-definition\/\" target=\"_blank\" rel=\"noopener noreferrer\">Personunders\u00f6kning<\/a><\/li>\n<li><a title=\"SWOT-analys, definition.\" href=\"http:\/\/www.lerdell.com\/om-oss\/lerdellipedia-ordlista\/swot-analys-definition\/\" target=\"_self\" rel=\"noopener noreferrer\">SWOT-analys<\/a><\/li>\n<li><a title=\"Begreppet underr\u00e4ttelsecykeln, definition.\" href=\"http:\/\/www.lerdell.com\/om-oss\/lerdellipedia-ordlista\/underrattelsecykeln-definition\/\" target=\"_self\" rel=\"noopener noreferrer\">Underr\u00e4ttelsecykeln<\/a><\/li>\n<\/ul>\n<p>[\/fusion_builder_column][\/fusion_builder_row][\/fusion_builder_container]<\/p>\n","protected":false},"excerpt":{"rendered":"<p>Lerdellipedia \u00e4r v\u00e5r lite sk\u00e4mtsamma ben\u00e4mning p\u00e5 den framv\u00e4xande ordlista, [&hellip;]<\/p>\n","protected":false},"author":2,"featured_media":0,"parent":1166,"menu_order":0,"comment_status":"open","ping_status":"open","template":"","meta":[],"_links":{"self":[{"href":"https:\/\/lerdell.com\/wp-json\/wp\/v2\/pages\/357"}],"collection":[{"href":"https:\/\/lerdell.com\/wp-json\/wp\/v2\/pages"}],"about":[{"href":"https:\/\/lerdell.com\/wp-json\/wp\/v2\/types\/page"}],"author":[{"embeddable":true,"href":"https:\/\/lerdell.com\/wp-json\/wp\/v2\/users\/2"}],"replies":[{"embeddable":true,"href":"https:\/\/lerdell.com\/wp-json\/wp\/v2\/comments?post=357"}],"version-history":[{"count":0,"href":"https:\/\/lerdell.com\/wp-json\/wp\/v2\/pages\/357\/revisions"}],"up":[{"embeddable":true,"href":"https:\/\/lerdell.com\/wp-json\/wp\/v2\/pages\/1166"}],"wp:attachment":[{"href":"https:\/\/lerdell.com\/wp-json\/wp\/v2\/media?parent=357"}],"curies":[{"name":"wp","href":"https:\/\/api.w.org\/{rel}","templated":true}]}}