{"id":359,"date":"2016-07-02T01:18:49","date_gmt":"2016-07-01T23:18:49","guid":{"rendered":"http:\/\/www.lerdell.com\/?page_id=359"},"modified":"2016-07-02T01:18:49","modified_gmt":"2016-07-01T23:18:49","slug":"omvarld-definition","status":"publish","type":"page","link":"https:\/\/lerdell.com\/om-oss\/lerdellipedia-ordlista\/omvarld-definition\/","title":{"rendered":"Omv\u00e4rld, definition."},"content":{"rendered":"<p>Nationalencyklopedin definierar begreppet <em>omv\u00e4rld<\/em> som &#8220;(av viss individ uppfattad) omgivning med dess sociala, materiella och milj\u00f6m\u00e4ssiga organisation&#8221;. Begreppet finns belagt i svenskan sedan 1892, och antas komma fr\u00e5n danskans <em>omverden<\/em> eller tyskans <em>Umwelt<\/em> (1).<\/p>\n<p>Ser vi n\u00e4rmare p\u00e5 hur <em>Umwelt <\/em>anv\u00e4nds i det tyska spr\u00e5ket anv\u00e4nds begreppet inom olika diskurser, n\u00e4mligen inom politik-ekologi, humaniora, systemteori och naturvetenskap (2).<\/p>\n<p>Engelskan har inte n\u00e5gon direkt \u00f6vers\u00e4ttning. Ofta \u00f6vers\u00e4tts omv\u00e4rld med <em>the world around<\/em> eller <em>the surrounding world<\/em>. Det faktum att engelskan inte har n\u00e5got direkt synonymt begrepp f\u00e5r f\u00f6ljder f\u00f6r \u00f6vers\u00e4ttningen av begrepp som <em>omv\u00e4rldsanalys<\/em> och <a title=\"Begreppet omv\u00e4rldsbevakning, definition.\" href=\"http:\/\/www.lerdell.com\/om-oss\/lerdellipedia-ordlista\/omvarldsbevakning-definition\/\" target=\"_self\" rel=\"noopener noreferrer\"><em>omv\u00e4rldsbevakning<\/em><\/a>.<\/p>\n<p>F\u00f6r f\u00f6retag och offentliga organisationer handlar det snarare om en organisations omv\u00e4rld \u00e4n en individs uppfattning av den omgivande v\u00e4rlden. En organisations omv\u00e4rld kan delas in i tre olika dimensioner. F\u00f6r det f\u00f6rsta kan ett antal andra\u00a0akt\u00f6rer som till exempel konkurrenter, kunder, leverant\u00f6rer eller individer identifieras. En andra dimension inbegriper den reglerande omv\u00e4rlden, i vilken s\u00e5v\u00e4l tvingande lagstiftning som frivilliga standarder ing\u00e5r. Slutligen inbegriper en organisations omv\u00e4rld \u00e4ven de uppfattningar, attityder och opinioner som p\u00e5 ett mer indirekt och l\u00e5ngsiktigt s\u00e4tt p\u00e5verkar omv\u00e4rlden.<\/p>\n<p>Exempel: F\u00f6r att illustrera de olika dimensionerna i en organisations omv\u00e4rld kan vi ta klimatfr\u00e5gan som exempel. Idag finns det en stark opinion som b\u00e4r uppfattningen att v\u00e5r glob h\u00e5ller p\u00e5 att v\u00e4rmas upp p\u00e5 grund av de v\u00e4xthusgaser den m\u00e4nskliga aktiviteten orsakar. Denna opinion f\u00e5r f\u00f6ljder f\u00f6r de andra dimensionerna i v\u00e5r omv\u00e4rld. I den reglerande omv\u00e4rlden ser vi att s\u00e5v\u00e4l tvingande lagstiftning som frivilliga milj\u00f6standarder kommit p\u00e5 plats i syfte att komma till r\u00e4tta med globala uppv\u00e4rmningen. Men vi ser \u00e4ven otaliga exempel p\u00e5 akt\u00f6rer som klimatanpassar sin verksamhet och b\u00f6rjar producera milj\u00f6bilar eller klimatsmart mat. Klimatfr\u00e5gan visar p\u00e5 komplexiteten i en organisations omv\u00e4rld, och att akt\u00f6rer, reglerare och opinioner h\u00e4nger ihop. N\u00e5gra s\u00e4tt f\u00f6r f\u00f6retag och organisationer att hantera den egna omv\u00e4rlden \u00e4r att bedriva omv\u00e4rldsanalys och omv\u00e4rldsbevakning.<\/p>\n<h3>Relaterade begrepp<\/h3>\n<ul>\n<li><a title=\"Omv\u00e4rldsanalys, definition.\" href=\"http:\/\/www.lerdell.com\/om-oss\/lerdellipedia-ordlista\/omvarldsanalys-definition\/\">omv\u00e4rldsanalys<\/a><\/li>\n<li>\n<a title=\"Begreppet omv\u00e4rldsbevakning, definition.\" href=\"http:\/\/www.lerdell.com\/om-oss\/lerdellipedia-ordlista\/omvarldsbevakning-definition\/\" target=\"_self\" rel=\"noopener noreferrer\">omv\u00e4rldsbevakning<\/a>\n<\/li>\n<\/ul>\n<h3>Referenser<\/h3>\n<ol>\n<li><a href=\"http:\/\/www.ne.se\/sve\/omv\u00e4rld\">http:\/\/www.ne.se\/sve\/omv\u00e4rld<\/a>; l\u00e4st 2016-07-02.<\/li>\n<li><a href=\"http:\/\/de.wikipedia.org\/wiki\/Umwelt\">http:\/\/de.wikipedia.org\/wiki\/Umwelt<\/a>, l\u00e4st 2016-07-02<\/li>\n<\/ol>\n<p><a href=\"http:\/\/www.lerdell.com\/tjanster\/omvarld\/\"><img decoding=\"async\" class=\"aligncenter wp-image-1305 size-full\" src=\"http:\/\/www.lerdell.com\/wp-content\/uploads\/2016\/07\/Umwelt-1000x3401.jpeg\" alt=\"Umwelt-1000x340\" width=\"1000\" height=\"340\" \/><\/a><\/p>\n","protected":false},"excerpt":{"rendered":"<p>Nationalencyklopedin definierar begreppet omv\u00e4rld som &#8220;(av viss individ uppfattad) omgivning [&hellip;]<\/p>\n","protected":false},"author":2,"featured_media":0,"parent":357,"menu_order":0,"comment_status":"open","ping_status":"open","template":"","meta":[],"_links":{"self":[{"href":"https:\/\/lerdell.com\/wp-json\/wp\/v2\/pages\/359"}],"collection":[{"href":"https:\/\/lerdell.com\/wp-json\/wp\/v2\/pages"}],"about":[{"href":"https:\/\/lerdell.com\/wp-json\/wp\/v2\/types\/page"}],"author":[{"embeddable":true,"href":"https:\/\/lerdell.com\/wp-json\/wp\/v2\/users\/2"}],"replies":[{"embeddable":true,"href":"https:\/\/lerdell.com\/wp-json\/wp\/v2\/comments?post=359"}],"version-history":[{"count":0,"href":"https:\/\/lerdell.com\/wp-json\/wp\/v2\/pages\/359\/revisions"}],"up":[{"embeddable":true,"href":"https:\/\/lerdell.com\/wp-json\/wp\/v2\/pages\/357"}],"wp:attachment":[{"href":"https:\/\/lerdell.com\/wp-json\/wp\/v2\/media?parent=359"}],"curies":[{"name":"wp","href":"https:\/\/api.w.org\/{rel}","templated":true}]}}