{"id":394,"date":"2009-07-13T09:55:14","date_gmt":"2009-07-13T08:55:14","guid":{"rendered":"http:\/\/www.lerdell.com\/?page_id=394"},"modified":"2009-07-13T09:55:14","modified_gmt":"2009-07-13T08:55:14","slug":"underrattelsecykeln-definition","status":"publish","type":"page","link":"https:\/\/lerdell.com\/om-oss\/lerdellipedia-ordlista\/underrattelsecykeln-definition\/","title":{"rendered":"Underr\u00e4ttelsecykeln, definition."},"content":{"rendered":"<p>S\u00e5v\u00e4l civil <em><a title=\"Begreppet omv\u00e4rldsbevakning, definition.\" href=\"http:\/\/www.lerdell.com\/om-oss\/lerdellipedia-ordlista\/omvarldsbevakning-definition\/\" target=\"_self\" rel=\"noopener noreferrer\">omv\u00e4rldsbevakning<\/a><\/em> som polisi\u00e4rt och milit\u00e4rt underr\u00e4ttelsearbete arbetar utifr\u00e5n den sk underr\u00e4ttelsecykeln (omv\u00e4rldsbevakningscykeln, eng. intelligence cycle).<br \/>\nDet amerikanska f\u00f6rsvarsdepartementet definierar underr\u00e4ttelsecykeln som\u00a0 den process genom vilken information omvandlas till underr\u00e4ttelser (eng. intelligence) och g\u00f6rs tillg\u00e4nglig. Det finns sex faser i underr\u00e4ttelsecykeln:<\/p>\n<ol>\n<li><span style=\"text-decoration: underline;\">Planering och ledning<\/span>: Identifiering av underr\u00e4ttelsebehov och uppr\u00e4ttande bevakningsarkitektur.<\/li>\n<li><span style=\"text-decoration: underline;\">Informationsinsamling<\/span> (informationsinh\u00e4mtning)<\/li>\n<li><span style=\"text-decoration: underline;\">Bearbetning och exploatering<\/span> av den inh\u00e4mtade informationen.<\/li>\n<li><span style=\"text-decoration: underline;\">Analys och produktion<\/span>: Omvandling av bearbetad information till underr\u00e4ttelser genom integrering, analys, utv\u00e4rdering och tolkning av den bearbetade informationen.<\/li>\n<li><span style=\"text-decoration: underline;\">Spridning och leverans<\/span> av underr\u00e4ttelser till mottagare i l\u00e4mplig form.<\/li>\n<li><span style=\"text-decoration: underline;\">Utv\u00e4rdering och feedback<\/span>: Kontinuerlig utv\u00e4rdering av underr\u00e4ttelsearbetet under varje fas av underr\u00e4ttelsecykeln f\u00f6r konstant f\u00f6rb\u00e4ttring.<\/li>\n<\/ol>\n<p>Den milit\u00e4ra och polisi\u00e4ra anv\u00e4ndningen av underr\u00e4ttelsecykeln har sedan anpassats till civil verksamhet och delas upp i f\u00f6ljande faser:<\/p>\n<ol>\n<li><span style=\"text-decoration: underline;\">Behov<\/span>: Syftet med omv\u00e4rldsbevakning varierar fr\u00e5n f\u00f6retag till f\u00f6retag, fr\u00e5n organisation till organisation, och kan handla om att st\u00f6dja strategiska beslut, marknadsbearbetning, s\u00e4ljarebete eller att hantering av konkurrenter, politisk risk samt PR-behov. Utifr\u00e5n behovet kartl\u00e4ggs den omv\u00e4rld som ska bevakas. En organisations omv\u00e4rld omfattar exempelvis akt\u00f6rer, regler och opinioner.<\/li>\n<li><span style=\"text-decoration: underline;\">Insamling<\/span>: Efter kartl\u00e4ggningen av omv\u00e4rlden identifieras de k\u00e4llor som motsvarar behovet som exempelvis media, social media, andra webbresurser, databaser, forskning samt konferenser och m\u00f6ten.<\/li>\n<li><span style=\"text-decoration: underline;\">Bearbetning<\/span>: F\u00f6r att information ska kunna omvandlas till underr\u00e4ttelser m\u00e5ste den bearbetas och kategoriseras.<\/li>\n<li><span style=\"text-decoration: underline;\">Analys<\/span>: N\u00e4sta steg \u00e4r att analysera den bearbetade informationen. Analysniv\u00e5n kan variera &#8211; fr\u00e5n \u00f6versiktliga sammanfattningar till mer djupg\u00e5ende analyser &#8211; det centrala \u00e4r att analysen motsvarar organisationens omv\u00e4rldsbevakningsbehov.<\/li>\n<li><span style=\"text-decoration: underline;\">Leverans<\/span>: Slutligen ska underr\u00e4ttelserna levereras p\u00e5 det s\u00e4tt som st\u00f6djer beslutsfattare och analytiker p\u00e5 b\u00e4sta s\u00e4tt. Det kan handla om kortfattade rapporter, sk intelligence briefs, eller om informationsfl\u00f6den (till ex. RSS), men \u00e4ven genom personliga dragningar av en omv\u00e4rldsanalytiker inf\u00f6r en ledningsgrupp.<\/li>\n<\/ol>\n<p><span style=\"text-decoration: underline;\">Centralt f\u00f6r underr\u00e4ttelsecykeln \u00e4r att se det cykliska f\u00f6rloppet<\/span>, och hela tiden anpassa de olika faserna \u00f6ver tid, exempelvis genom feedback och diskussion utveckla behov, insamling, bearbetning, analys och leverans, s\u00e5 att <a title=\"Begreppet omv\u00e4rldsbevakning, definition.\" href=\"http:\/\/www.lerdell.com\/om-oss\/lerdellipedia-ordlista\/omvarldsbevakning-definition\/\" target=\"_self\" rel=\"noopener noreferrer\"><em>omv\u00e4rldsbevakningen<\/em><\/a> f\u00e5ngar in den omv\u00e4rld som kontinuerligt f\u00f6r\u00e4ndras.<\/p>\n<p>Underr\u00e4telsecykeln illustreras nedan:<\/p>\n<div class=\"fusion-fullwidth fullwidth-box fusion-builder-row-1 hundred-percent-fullwidth non-hundred-percent-height-scrolling\" style=\"--awb-border-radius-top-left:0px;--awb-border-radius-top-right:0px;--awb-border-radius-bottom-right:0px;--awb-border-radius-bottom-left:0px;--awb-overflow:visible;\" ><div class=\"fusion-builder-row fusion-row\"><div class=\"fusion-layout-column fusion_builder_column fusion-builder-column-0 fusion_builder_column_1_1 1_1 fusion-one-full fusion-column-first fusion-column-last fusion-column-no-min-height\" style=\"--awb-bg-size:cover;--awb-margin-bottom:0px;\"><div class=\"fusion-column-wrapper fusion-flex-column-wrapper-legacy\">[slideshow id=2]\n<h4>Relaterade begrepp<\/h4>\n<li><a title=\"Lerdellipedia: Omv\u00e4rld, definition\" href=\"http:\/\/www.lerdell.com\/om-oss\/lerdellipedia-ordlista\/omvarld-definition\/\" target=\"_self\" rel=\"noopener noreferrer\">Omv\u00e4rld<\/a><\/li>\n<li><a title=\"Begreppet omv\u00e4rldsbevakning, definition.\" href=\"http:\/\/www.lerdell.com\/om-oss\/lerdellipedia-ordlista\/omvarldsbevakning-definition\/\" target=\"_self\" rel=\"noopener noreferrer\">Omv\u00e4rldsbevakning<\/a><\/li>\n<h4>Referenser<\/h4>\n<p>Johnson, Loch K. (red), Strategic Intelligence (Intelligence and the Quest for Security Series), Volume 2: The Intelligence Cycle: The Flow of Secret Information From Overseas to the Highest Councils of Government, Greenwood Publishing Group, ISBN-13: 9780275989422.<\/p>\n<ul>\n<li><a href=\"http:\/\/www.sakerhetspolisen.se\/omsakerhetspolisen\/underrattelsearbete.4.7671d7bb110e3dcb1fd800010345.html\">http:\/\/www.sakerhetspolisen.se\/omsakerhetspolisen\/underrattelsearbete.4.7671d7bb110e3dcb1fd800010345.html<\/a>, l\u00e4st den 13 juli 2009.<\/li>\n<li><a href=\"http:\/\/en.wikipedia.org\/wiki\/Intelligence_cycle\">http:\/\/en.wikipedia.org\/wiki\/Intelligence_cycle<\/a>, l\u00e4st den 13 juli 2009.<\/li>\n<li><a href=\"http:\/\/www.fbi.gov\/intelligence\/di_cycle.htm\">http:\/\/www.fbi.gov\/intelligence\/di_cycle.htm<\/a>, l\u00e4st den 13 juli 2009.<\/li>\n<li><a href=\"https:\/\/www.cia.gov\/library\/center-for-the-study-of-intelligence\/csi-publications\/books-and-monographs\/analytic-culture-in-the-u-s-intelligence-community\/chapter_4_systems_model.htm\">https:\/\/www.cia.gov\/library\/center-for-the-study-of-intelligence\/csi-publications\/books-and-monographs\/analytic-culture-in-the-u-s-intelligence-community\/chapter_4_systems_model.htm<\/a>, l\u00e4st den 13 juli 2009.<\/li>\n<\/ul>\n[tags]underr\u00e4ttelsecykeln, omv\u00e4rldsbevakningscykeln, intelligence cycle, underr\u00e4ttelser, underr\u00e4ttelsearbete, underr\u00e4ttelsetj\u00e4nst, intelligence, omv\u00e4rldsbevakning[\/tags]<div class=\"fusion-clearfix\"><\/div><\/div><\/div><\/div><\/div>\n","protected":false},"excerpt":{"rendered":"<p>S\u00e5v\u00e4l civil omv\u00e4rldsbevakning som polisi\u00e4rt och milit\u00e4rt underr\u00e4ttelsearbete arbetar utifr\u00e5n [&hellip;]<\/p>\n","protected":false},"author":2,"featured_media":0,"parent":357,"menu_order":0,"comment_status":"open","ping_status":"open","template":"","meta":[],"_links":{"self":[{"href":"https:\/\/lerdell.com\/wp-json\/wp\/v2\/pages\/394"}],"collection":[{"href":"https:\/\/lerdell.com\/wp-json\/wp\/v2\/pages"}],"about":[{"href":"https:\/\/lerdell.com\/wp-json\/wp\/v2\/types\/page"}],"author":[{"embeddable":true,"href":"https:\/\/lerdell.com\/wp-json\/wp\/v2\/users\/2"}],"replies":[{"embeddable":true,"href":"https:\/\/lerdell.com\/wp-json\/wp\/v2\/comments?post=394"}],"version-history":[{"count":0,"href":"https:\/\/lerdell.com\/wp-json\/wp\/v2\/pages\/394\/revisions"}],"up":[{"embeddable":true,"href":"https:\/\/lerdell.com\/wp-json\/wp\/v2\/pages\/357"}],"wp:attachment":[{"href":"https:\/\/lerdell.com\/wp-json\/wp\/v2\/media?parent=394"}],"curies":[{"name":"wp","href":"https:\/\/api.w.org\/{rel}","templated":true}]}}