{"id":482,"date":"2009-07-22T08:15:08","date_gmt":"2009-07-22T07:15:08","guid":{"rendered":"http:\/\/www.lerdell.com\/?page_id=482"},"modified":"2009-07-22T08:15:08","modified_gmt":"2009-07-22T07:15:08","slug":"due-diligence-dd-definition","status":"publish","type":"page","link":"https:\/\/lerdell.com\/om-oss\/lerdellipedia-ordlista\/due-diligence-dd-definition\/","title":{"rendered":"Due Diligence, DD [definition]"},"content":{"rendered":"<p>Begreppet och fenomenet <em>Due Diligence <\/em>har sitt ursprung i den anglosaxiska aff\u00e4rsv\u00e4rlden och r\u00e4ttssf\u00e4ren, och har inte n\u00e5gon bra svensk \u00f6vers\u00e4ttning. Begrepp som \u2019tillb\u00f6rlig aktsamhet\u2019, \u2019tillb\u00f6rlig omsorg\u2019 samt \u2018f\u00f6rsiktighetsbesiktning\u2019 har anv\u00e4nts, men kanske \u00e4r det liknelsen \u201catt syna en h\u00e4st i munnen&#8221; inf\u00f6r ett h\u00e4stk\u00f6p som ger den b\u00e4sta f\u00f6rklaringen av begreppet. Begreppet f\u00f6rekom f\u00f6r f\u00f6rsta g\u00e5ngen i USA:s Securities Act fr\u00e5n 1933, i ett stycke d\u00e4r man avhandlade relationen mellan m\u00e4klare och investerare. S\u00e5 l\u00e4nge som en m\u00e4klare hade gjort sin Due Diligence och ber\u00e4ttat f\u00f6r investeraren vad man funnit, s\u00e5 kunde inte m\u00e4klaren st\u00e4llas till ansvar ifall n\u00e5got gick fel l\u00e4ngre fram.<\/p>\n<p>I praktiken handlar Due Diligence om att g\u00f6ra en unders\u00f6kning av ett f\u00f6retag inf\u00f6r en investering eller av en person inf\u00f6r en rekrytering.<\/p>\n<h4>Relaterade begrepp<\/h4>\n<p>Due Diligence \u00e4r ett samlingsbegrepp som rymmer ett antal olika typer av Due Diligence, bland annat:<\/p>\n<ul>\n<li>Commercial Due Diligence<\/li>\n<li>Corporate Due Diligence<\/li>\n<li>Cultural Due Diligence<\/li>\n<li>Financial Due Diligence<\/li>\n<li>Human Due Diligence<\/li>\n<li>Information security due diligence<\/li>\n<li>IT Due Diligence<\/li>\n<li>Legal Due Diligence<\/li>\n<li>Market Due Diligence<\/li>\n<li>Operational Due Diligence<\/li>\n<li>Organisational Due Diligence<\/li>\n<li>Strategic Due Diligence<\/li>\n<li>Tax Due Diligence<\/li>\n<li>Technical Due Diligence<\/li>\n<\/ul>\n<p>Se \u00e4ven:<\/p>\n<ul>\n<li>Bakgrundskoll<\/li>\n<li>Bakgrundskontroll<\/li>\n<li>Bakgrundsunders\u00f6kning<\/li>\n<li>F\u00f6retagsbesiktning<\/li>\n<li>F\u00f6retagsunders\u00f6kning<\/li>\n<li>F\u00f6rsiktighetsbesiktning<\/li>\n<li>Personunders\u00f6kning<br \/>\n\u00a0<\/li>\n<\/ul>\n<h4>Referenser<\/h4>\n<p>Bing, Gordon, 2007, Due Diligence: Planning, Questions, Issues, Praeger. ISBN-10: 0313345406.<\/p>\n<p>Lajoux, Alexandra Reed and Charles M. Elson, 2000, The Art of M&amp;A Due Diligence, McGraw-Hill. ISBN-10: 0786311509.<\/p>\n<p>Lawrence, Gary M., 2004, Due Diligence in Business Transactions, NY: Law Journal Press.<\/p>\n<p><a href=\"http:\/\/en.wikipedia.org\/wiki\/Due_diligence\">http:\/\/en.wikipedia.org\/wiki\/Due_diligence<\/a>, l\u00e4st den 22 juli 2009.<\/p>\n<p><a href=\"http:\/\/sv.wikipedia.org\/wiki\/Due_diligence\">http:\/\/sv.wikipedia.org\/wiki\/Due_diligence<\/a>, l\u00e4st den 22 juli 2009.<\/p>\n<p><a href=\"http:\/\/de.wikipedia.org\/wiki\/Due-Diligence-Pr%C3%BCfung\">http:\/\/de.wikipedia.org\/wiki\/Due-Diligence-Pr\u00fcfung<\/a>, l\u00e4st den 22 juli 2009.<\/p>\n","protected":false},"excerpt":{"rendered":"<p>Begreppet och fenomenet Due Diligence har sitt ursprung i den [&hellip;]<\/p>\n","protected":false},"author":2,"featured_media":0,"parent":357,"menu_order":0,"comment_status":"open","ping_status":"open","template":"","meta":[],"_links":{"self":[{"href":"https:\/\/lerdell.com\/wp-json\/wp\/v2\/pages\/482"}],"collection":[{"href":"https:\/\/lerdell.com\/wp-json\/wp\/v2\/pages"}],"about":[{"href":"https:\/\/lerdell.com\/wp-json\/wp\/v2\/types\/page"}],"author":[{"embeddable":true,"href":"https:\/\/lerdell.com\/wp-json\/wp\/v2\/users\/2"}],"replies":[{"embeddable":true,"href":"https:\/\/lerdell.com\/wp-json\/wp\/v2\/comments?post=482"}],"version-history":[{"count":0,"href":"https:\/\/lerdell.com\/wp-json\/wp\/v2\/pages\/482\/revisions"}],"up":[{"embeddable":true,"href":"https:\/\/lerdell.com\/wp-json\/wp\/v2\/pages\/357"}],"wp:attachment":[{"href":"https:\/\/lerdell.com\/wp-json\/wp\/v2\/media?parent=482"}],"curies":[{"name":"wp","href":"https:\/\/api.w.org\/{rel}","templated":true}]}}