{"id":518,"date":"2009-07-26T22:37:53","date_gmt":"2009-07-26T21:37:53","guid":{"rendered":"http:\/\/www.lerdell.com\/?page_id=518"},"modified":"2009-07-26T22:37:53","modified_gmt":"2009-07-26T21:37:53","slug":"bakgrundskontroll-definition","status":"publish","type":"page","link":"https:\/\/lerdell.com\/om-oss\/lerdellipedia-ordlista\/bakgrundskontroll-definition\/","title":{"rendered":"Bakgrundskontroll [definition]"},"content":{"rendered":"<p>Att granska en person inf\u00f6r en anst\u00e4llning, ett uppdrag, samarbete eller investering tillh\u00f6r vardagen i USA. I Sverige har denna typ av granskningar inte tillh\u00f6rt vanligheterna. Men i samband med ett antal uppm\u00e4rksammade fall i medierna d\u00e4r oegentligheter n\u00e5tt offentlighetens ljus har efterfr\u00e5gan efter bakgrundskontroller \u00f6kat. Idag ser vi en utveckling mot att bakgrundsunders\u00f6kningar blir en naturlig del av rekryteringsprocesser n\u00e4r viktiga poster ska tills\u00e4ttas. Detsamma g\u00e4ller \u00e4ven n\u00e4r kapital ska investeras i ett f\u00f6retag eller en fond, och d\u00e4r investeraren vill f\u00f6rs\u00e4kra sig om att ledningen eller f\u00f6rvaltaren \u00e4r tillf\u00f6rlitlig.<\/p>\n<p>En bakgrundskontroll kan omfatta:<\/p>\n<ul>\n<li>Mediet\u00e4ckning<\/li>\n<li>Internett\u00e4ckning (\u00e4ven delar som inte indexeras av s\u00f6kmotorerna)<\/li>\n<li>Finansiell st\u00e4llning &amp; ev konkurser<\/li>\n<li>Ev. kriminell bakgrund<\/li>\n<li>Verifiering av identitet, bostadsadress, utbildning och arbetslivserfarenhet<\/li>\n<li>Bolagsengagemang<\/li>\n<li>F\u00f6rtroendeuppdrag<\/li>\n<li>Ev intressekonflikter<\/li>\n<li>Dolda aff\u00e4rsrelationer<\/li>\n<li>Dolda agendor<\/li>\n<\/ul>\n<p>P\u00e5 engelska anv\u00e4nds begreppen <em>background check<\/em>, <em>screening <\/em>samt <em>human due diligence<\/em>. Begreppet och fenomenet due diligence har sitt ursprung i den anglosaxiska aff\u00e4rsv\u00e4rlden och r\u00e4ttssf\u00e4ren, och har inte n\u00e5gon bra svensk \u00f6vers\u00e4ttning. Det handlar om att minska risk och os\u00e4kerhet genom bakgrundskontroller. <a title=\"Due Diligence, definition\" href=\"http:\/\/www.lerdell.com\/om-oss\/lerdellipedia-ordlista\/due-diligence-dd-definition\/\" target=\"_self\" rel=\"noopener noreferrer\">L\u00e4s mer om begreppet due diligence h\u00e4r &gt;&gt;<\/a><\/p>\n<p>\u00a0<\/p>\n<h4>Relaterade begrepp<\/h4>\n<ul>\n<li>Bakgrundsunders\u00f6kning<\/li>\n<li>Bakgrundskoll<\/li>\n<li><a title=\"Due Diligence, definition\" href=\"http:\/\/www.lerdell.com\/om-oss\/lerdellipedia-ordlista\/due-diligence-dd-definition\/\" target=\"_blank\" rel=\"noopener noreferrer\">Due Diligence<\/a><\/li>\n<li>F\u00f6rsiktighetsbesiktning, se <a title=\"Due Diligence, definition\" href=\"http:\/\/www.lerdell.com\/om-oss\/lerdellipedia-ordlista\/due-diligence-dd-definition\/\" target=\"_blank\" rel=\"noopener noreferrer\">Due Diligence<\/a><\/li>\n<li>Human Due Diligence<\/li>\n<\/ul>\n<p>\u00a0<\/p>\n<h4>Se \u00e4ven<\/h4>\n<ul>\n<li>Personunders\u00f6kning<\/li>\n<li>Registerkontroll<\/li>\n<li>S\u00e4kerhetspr\u00f6vning<\/li>\n<\/ul>\n<p>\u00a0<\/p>\n<h4>Referenser<\/h4>\n<p><a href=\"http:\/\/en.wikipedia.org\/wiki\/Due_diligence\">http:\/\/en.wikipedia.org\/wiki\/Due_diligence<\/a>, l\u00e4st den 26 juli 2009.<br \/>\n<a href=\"http:\/\/en.wikipedia.org\/wiki\/Background_check\">http:\/\/en.wikipedia.org\/wiki\/Background_check<\/a>, l\u00e4st den 26 juli 2009.<br \/>\n<a href=\"http:\/\/sv.wikipedia.org\/wiki\/S%C3%A4kerhetspr%C3%B6vning\">http:\/\/sv.wikipedia.org\/wiki\/S%C3%A4kerhetspr%C3%B6vning<\/a>, l\u00e4st den 26 juli 2009.<\/p>\n","protected":false},"excerpt":{"rendered":"<p>Att granska en person inf\u00f6r en anst\u00e4llning, ett uppdrag, samarbete [&hellip;]<\/p>\n","protected":false},"author":2,"featured_media":0,"parent":357,"menu_order":0,"comment_status":"open","ping_status":"open","template":"","meta":[],"_links":{"self":[{"href":"https:\/\/lerdell.com\/wp-json\/wp\/v2\/pages\/518"}],"collection":[{"href":"https:\/\/lerdell.com\/wp-json\/wp\/v2\/pages"}],"about":[{"href":"https:\/\/lerdell.com\/wp-json\/wp\/v2\/types\/page"}],"author":[{"embeddable":true,"href":"https:\/\/lerdell.com\/wp-json\/wp\/v2\/users\/2"}],"replies":[{"embeddable":true,"href":"https:\/\/lerdell.com\/wp-json\/wp\/v2\/comments?post=518"}],"version-history":[{"count":0,"href":"https:\/\/lerdell.com\/wp-json\/wp\/v2\/pages\/518\/revisions"}],"up":[{"embeddable":true,"href":"https:\/\/lerdell.com\/wp-json\/wp\/v2\/pages\/357"}],"wp:attachment":[{"href":"https:\/\/lerdell.com\/wp-json\/wp\/v2\/media?parent=518"}],"curies":[{"name":"wp","href":"https:\/\/api.w.org\/{rel}","templated":true}]}}