{"id":58,"date":"2008-03-12T11:52:23","date_gmt":"2008-03-12T10:52:23","guid":{"rendered":"http:\/\/www.lerdell.com\/tjanster\/rykteshantering-pa-internet\/"},"modified":"2008-03-12T11:52:23","modified_gmt":"2008-03-12T10:52:23","slug":"rykteshantering-pa-internet","status":"publish","type":"page","link":"https:\/\/lerdell.com\/tjanster\/rykteshantering-pa-internet\/","title":{"rendered":"Rykteshantering p\u00e5 Internet"},"content":{"rendered":"<p>Rykten och halvsanningar har alltid spridits om personer, organisationer och f\u00f6retag &#8211; men d\u00e5 oftast i en sn\u00e4vare krets.<\/p>\n<p>Spridningsm\u00f6jligheter som olika kanaler p\u00e5 Internet medf\u00f6r \u00f6kar eventuellt inte skvallret som s\u00e5dant, men otvivelaktigt volymen p\u00e5 ryktena och dess r\u00e4ckvidd. Viskningar i en chatt, p\u00e5 en blogg eller i ett diskussionsforum f\u00f6rvandlas l\u00e4tt till skrik som n\u00e5r kunder, rekryterare och samarbetspartners.<\/p>\n<p>Vi har i v\u00e5r omv\u00e4rldsbevakning av Internet f\u00e5ngat in otaliga exempel p\u00e5 mer eller mindre medvetna kampanjer mot och ryktesspridning om personer och f\u00f6retag, vilket har lett till att v\u00e5ra klienter efterfr\u00e5gat strategier f\u00f6r hur man b\u00f6r hantera rykten p\u00e5 n\u00e4tet.<\/p>\n<p>V\u00e5ra strategier f\u00f6r rykteshantering (reputation management) bygger p\u00e5:<\/p>\n<ul>\n<li><strong>Kartl\u00e4ggning <\/strong>av rykten om person, organisation eller f\u00f6retag p\u00e5 n\u00e4tet.<\/li>\n<li><strong>Ryktesbevakning <\/strong>(reputation monitoring) av identifierade k\u00e4llor.<\/li>\n<li><strong>F\u00f6rslag p\u00e5 \u00e5tg\u00e4rder<\/strong>. Beroende p\u00e5 ryktet i sig och k\u00e4llan rekommenderar vi olika strategier: tystnad, motattack (i undantagsfall), information till partners, till exempel.<\/li>\n<\/ul>\n<p>Lika viktigt \u00e4r dock att nyttja kraften hos kanalerna p\u00e5 Internet f\u00f6r att odla det egna varum\u00e4rket, varf\u00f6r vi \u00e4ven tagit fram <strong>strategier f\u00f6r att bygga varum\u00e4rke p\u00e5 webben<\/strong>.<\/p>\n","protected":false},"excerpt":{"rendered":"<p>Rykten och halvsanningar har alltid spridits om personer, organisationer och [&hellip;]<\/p>\n","protected":false},"author":1,"featured_media":0,"parent":831,"menu_order":700,"comment_status":"closed","ping_status":"closed","template":"","meta":[],"_links":{"self":[{"href":"https:\/\/lerdell.com\/wp-json\/wp\/v2\/pages\/58"}],"collection":[{"href":"https:\/\/lerdell.com\/wp-json\/wp\/v2\/pages"}],"about":[{"href":"https:\/\/lerdell.com\/wp-json\/wp\/v2\/types\/page"}],"author":[{"embeddable":true,"href":"https:\/\/lerdell.com\/wp-json\/wp\/v2\/users\/1"}],"replies":[{"embeddable":true,"href":"https:\/\/lerdell.com\/wp-json\/wp\/v2\/comments?post=58"}],"version-history":[{"count":0,"href":"https:\/\/lerdell.com\/wp-json\/wp\/v2\/pages\/58\/revisions"}],"up":[{"embeddable":true,"href":"https:\/\/lerdell.com\/wp-json\/wp\/v2\/pages\/831"}],"wp:attachment":[{"href":"https:\/\/lerdell.com\/wp-json\/wp\/v2\/media?parent=58"}],"curies":[{"name":"wp","href":"https:\/\/api.w.org\/{rel}","templated":true}]}}