{"id":662,"date":"2009-08-06T12:18:55","date_gmt":"2009-08-06T11:18:55","guid":{"rendered":"http:\/\/www.lerdell.com\/?page_id=662"},"modified":"2009-08-06T12:18:55","modified_gmt":"2009-08-06T11:18:55","slug":"personundersokning-definition","status":"publish","type":"page","link":"https:\/\/lerdell.com\/om-oss\/lerdellipedia-ordlista\/personundersokning-definition\/","title":{"rendered":"Personunders\u00f6kning, definition"},"content":{"rendered":"<p>En personunders\u00f6kning handlar om att unders\u00f6ka en misst\u00e4nkts personliga f\u00f6rh\u00e5llanden n\u00e4r f\u00e4ngelse i sex m\u00e5nader eller mer, skyddstillsyn eller s\u00e4rskild v\u00e5rd \u00e4r aktuellt.<\/p>\n<p>Begreppet personunders\u00f6kning anv\u00e4nds ibland felaktigt synonymt med\u00a0<a title=\"Bakgrundskontroll, definition\" href=\"http:\/\/www.lerdell.com\/om-oss\/lerdellipedia-ordlista\/bakgrundskontroll-definition\/\" target=\"_self\" rel=\"noopener noreferrer\">bakgrundskontroll<\/a> eller bakgrundsunders\u00f6kning, d\u00e4r de senare betecknar en granskning av en person inf\u00f6r en anst\u00e4llning, ett uppdrag, samarbete eller investering, och omfattar media, internet, ekonomi, brott.<\/p>\n<h4>Relaterade begrepp:<\/h4>\n<ul>\n<li><a title=\"Bakgrundskontroll, definition\" href=\"http:\/\/www.lerdell.com\/om-oss\/lerdellipedia-ordlista\/bakgrundskontroll-definition\/\" target=\"_self\" rel=\"noopener noreferrer\">Bakgrundskontroll<\/a><\/li>\n<\/ul>\n<h4>Referens:<\/h4>\n<ul>\n<li><a title=\"NE: Personunders\u00f6kning\" href=\"http:\/\/www.ne.se\/lang\/personunders\u00f6kning\" target=\"_blank\" rel=\"noopener noreferrer\">http:\/\/www.ne.se\/lang\/personunders\u00f6kning<\/a>, l\u00e4st den 6 augusti 2009.<\/li>\n<\/ul>\n","protected":false},"excerpt":{"rendered":"<p>En personunders\u00f6kning handlar om att unders\u00f6ka en misst\u00e4nkts personliga f\u00f6rh\u00e5llanden [&hellip;]<\/p>\n","protected":false},"author":2,"featured_media":0,"parent":357,"menu_order":0,"comment_status":"open","ping_status":"open","template":"","meta":[],"_links":{"self":[{"href":"https:\/\/lerdell.com\/wp-json\/wp\/v2\/pages\/662"}],"collection":[{"href":"https:\/\/lerdell.com\/wp-json\/wp\/v2\/pages"}],"about":[{"href":"https:\/\/lerdell.com\/wp-json\/wp\/v2\/types\/page"}],"author":[{"embeddable":true,"href":"https:\/\/lerdell.com\/wp-json\/wp\/v2\/users\/2"}],"replies":[{"embeddable":true,"href":"https:\/\/lerdell.com\/wp-json\/wp\/v2\/comments?post=662"}],"version-history":[{"count":0,"href":"https:\/\/lerdell.com\/wp-json\/wp\/v2\/pages\/662\/revisions"}],"up":[{"embeddable":true,"href":"https:\/\/lerdell.com\/wp-json\/wp\/v2\/pages\/357"}],"wp:attachment":[{"href":"https:\/\/lerdell.com\/wp-json\/wp\/v2\/media?parent=662"}],"curies":[{"name":"wp","href":"https:\/\/api.w.org\/{rel}","templated":true}]}}