{"id":80,"date":"2008-07-09T07:10:41","date_gmt":"2008-07-09T06:10:41","guid":{"rendered":"http:\/\/www.lerdell.com\/tjanster\/bakgrundsundersokningar-due-diligence\/"},"modified":"2008-07-09T07:10:41","modified_gmt":"2008-07-09T06:10:41","slug":"bakgrundsundersokningar-due-diligence","status":"publish","type":"page","link":"https:\/\/lerdell.com\/tjanster\/bakgrundsundersokningar-due-diligence\/","title":{"rendered":"Unders\u00f6kningar (Due Diligence)"},"content":{"rendered":"<p>Vi unders\u00f6ker f\u00f6retag inf\u00f6r strategiskt viktiga beslut genom v\u00e5ra due diligence-tj\u00e4nster.<\/p>\n<ol><\/ol>\n<ul>\n<li><a title=\"Bakgrundskontroll, Bakgrundskoll, F\u00f6retagsunders\u00f6kning, Strategic Due Diligence\" href=\"http:\/\/www.lerdell.com\/tjanster\/foretagsundersokning-strategisk-due-diligence\/\">F\u00f6retagsunders\u00f6kningar: F\u00f6retagsbesiktning,\u00a0Corporate Due Diligence<\/a><\/li>\n<\/ul>\n<ol><\/ol>\n<h3>Om due diligence<\/h3>\n<p>Begreppet och fenomenet Due Diligence har sitt ursprung i den anglosaxiska aff\u00e4rsv\u00e4rlden och r\u00e4ttssf\u00e4ren, och har inte n\u00e5gon bra svensk \u00f6vers\u00e4ttning. Begrepp som &#8217;tillb\u00f6rlig aktsamhet&#8217;, &#8217;tillb\u00f6rlig omsorg&#8217; samt &#8216;f\u00f6rsiktighetsbesiktning&#8217; har anv\u00e4nts, men kanske \u00e4r det liknelsen &#8220;att syna en h\u00e4st i munnen&#8221; inf\u00f6r ett h\u00e4stk\u00f6p som ger den b\u00e4sta f\u00f6rklaringen av begreppet. Det vill s\u00e4ga, att syna ett f\u00f6retag inf\u00f6r ett uppk\u00f6p av f\u00f6retaget i fr\u00e5ga &#8211; eller en person inf\u00f6r en rekrytering eller investering.<\/p>\n","protected":false},"excerpt":{"rendered":"<p>Vi unders\u00f6ker f\u00f6retag inf\u00f6r strategiskt viktiga beslut genom v\u00e5ra due [&hellip;]<\/p>\n","protected":false},"author":1,"featured_media":0,"parent":831,"menu_order":0,"comment_status":"closed","ping_status":"open","template":"","meta":[],"_links":{"self":[{"href":"https:\/\/lerdell.com\/wp-json\/wp\/v2\/pages\/80"}],"collection":[{"href":"https:\/\/lerdell.com\/wp-json\/wp\/v2\/pages"}],"about":[{"href":"https:\/\/lerdell.com\/wp-json\/wp\/v2\/types\/page"}],"author":[{"embeddable":true,"href":"https:\/\/lerdell.com\/wp-json\/wp\/v2\/users\/1"}],"replies":[{"embeddable":true,"href":"https:\/\/lerdell.com\/wp-json\/wp\/v2\/comments?post=80"}],"version-history":[{"count":0,"href":"https:\/\/lerdell.com\/wp-json\/wp\/v2\/pages\/80\/revisions"}],"up":[{"embeddable":true,"href":"https:\/\/lerdell.com\/wp-json\/wp\/v2\/pages\/831"}],"wp:attachment":[{"href":"https:\/\/lerdell.com\/wp-json\/wp\/v2\/media?parent=80"}],"curies":[{"name":"wp","href":"https:\/\/api.w.org\/{rel}","templated":true}]}}